{"id":185,"date":"2024-11-18T14:46:11","date_gmt":"2024-11-18T13:46:11","guid":{"rendered":"https:\/\/www.survoltes.com\/?page_id=185"},"modified":"2025-01-08T11:36:40","modified_gmt":"2025-01-08T10:36:40","slug":"historique","status":"publish","type":"page","link":"https:\/\/www.survoltes.com\/?page_id=185","title":{"rendered":"Historique"},"content":{"rendered":"\t\t<div data-elementor-type=\"wp-page\" data-elementor-id=\"185\" class=\"elementor elementor-185\">\n\t\t\t\t<div class=\"elementor-element elementor-element-e32e8f2 e-flex e-con-boxed e-con e-parent\" data-id=\"e32e8f2\" data-element_type=\"container\">\n\t\t\t\t\t<div class=\"e-con-inner\">\n\t\t\t\t<div class=\"elementor-element elementor-element-1935ef0 elementor-widget elementor-widget-heading\" data-id=\"1935ef0\" data-element_type=\"widget\" data-widget_type=\"heading.default\">\n\t\t\t\t<div class=\"elementor-widget-container\">\n\t\t\t\t\t<h2 class=\"elementor-heading-title elementor-size-default\">HISTORIQUE<\/h2>\t\t\t\t<\/div>\n\t\t\t\t<\/div>\n\t\t\t\t\t<\/div>\n\t\t\t\t<\/div>\n\t\t<div class=\"elementor-element elementor-element-d6cc61a e-flex e-con-boxed e-con e-parent\" data-id=\"d6cc61a\" data-element_type=\"container\">\n\t\t\t\t\t<div class=\"e-con-inner\">\n\t\t\t\t\t<\/div>\n\t\t\t\t<\/div>\n\t\t<div class=\"elementor-element elementor-element-59dc91e e-grid e-con-boxed e-con e-parent\" data-id=\"59dc91e\" data-element_type=\"container\">\n\t\t\t\t\t<div class=\"e-con-inner\">\n\t\t\t\t<div class=\"elementor-element elementor-element-9f39d5e elementor-widget__width-initial elementor-widget elementor-widget-text-editor\" data-id=\"9f39d5e\" data-element_type=\"widget\" data-widget_type=\"text-editor.default\">\n\t\t\t\t<div class=\"elementor-widget-container\">\n\t\t\t\t\t\t\t\t\t<p>Les projets d&rsquo;\u00e9nergie citoyenne ont \u00e9t\u00e9 initi\u00e9s en 2017 par des citoyens de Guipel r\u00e9unis \u00e0 l&rsquo;initiative de quelques-uns pour r\u00e9fl\u00e9chir \u00e0 la transition \u00e9nerg\u00e9tique et \u00e0 la mani\u00e8re d&rsquo;y participer. Ces premi\u00e8res rencontres ont permis de formaliser nos objectifs et de nous constituer une culture commune.<\/p><p>Ainsi, d\u00e8s d\u00e9but 2017 un collectif citoyen s&rsquo;est organis\u00e9 autour d&rsquo;un groupe moteur d&rsquo;une dizaine de personnes, et a organis\u00e9 de nombreuses discussions, r\u00e9flexions et pr\u00e9sentations afin de mettre en place des projets de production d&rsquo;\u00e9nergie renouvelable.<\/p><p>Afin de structurer cette dynamique, l&rsquo;association loi 1901 ENERGUIPEL a \u00e9t\u00e9 constitu\u00e9e. Elle a eu pour objectif l&rsquo;identification des premiers projets de production, la cr\u00e9ation d&rsquo;une soci\u00e9t\u00e9 d\u00e9di\u00e9e pour la collecte d&rsquo;\u00e9pargne citoyenne et le lancement des centrales, ainsi qu&rsquo;\u00e0 plus long terme des actions de sensibilisation autour des projets citoyens de production d&rsquo;\u00e9nergie renouvelable et de la ma\u00eetrise de la consommation d&rsquo;\u00e9nergie.<\/p>\t\t\t\t\t\t\t\t<\/div>\n\t\t\t\t<\/div>\n\t\t\t\t<div class=\"elementor-element elementor-element-737fadf e-transform elementor-widget elementor-widget-image\" data-id=\"737fadf\" data-element_type=\"widget\" data-settings=\"{&quot;_transform_scale_effect&quot;:{&quot;unit&quot;:&quot;px&quot;,&quot;size&quot;:1,&quot;sizes&quot;:[]},&quot;_transform_scale_effect_tablet&quot;:{&quot;unit&quot;:&quot;px&quot;,&quot;size&quot;:&quot;&quot;,&quot;sizes&quot;:[]},&quot;_transform_scale_effect_mobile&quot;:{&quot;unit&quot;:&quot;px&quot;,&quot;size&quot;:&quot;&quot;,&quot;sizes&quot;:[]}}\" data-widget_type=\"image.default\">\n\t\t\t\t<div class=\"elementor-widget-container\">\n\t\t\t\t\t\t\t\t\t\t\t\t\t\t\t<img fetchpriority=\"high\" decoding=\"async\" width=\"832\" height=\"832\" src=\"https:\/\/www.survoltes.com\/wp-content\/uploads\/2024\/12\/Energuipel-equipe.jpg\" class=\"attachment-large size-large wp-image-1154\" alt=\"\" srcset=\"https:\/\/www.survoltes.com\/wp-content\/uploads\/2024\/12\/Energuipel-equipe.jpg 832w, https:\/\/www.survoltes.com\/wp-content\/uploads\/2024\/12\/Energuipel-equipe-300x300.jpg 300w, https:\/\/www.survoltes.com\/wp-content\/uploads\/2024\/12\/Energuipel-equipe-150x150.jpg 150w, https:\/\/www.survoltes.com\/wp-content\/uploads\/2024\/12\/Energuipel-equipe-768x768.jpg 768w, https:\/\/www.survoltes.com\/wp-content\/uploads\/2024\/12\/Energuipel-equipe-600x600.jpg 600w\" sizes=\"(max-width: 832px) 100vw, 832px\" \/>\t\t\t\t\t\t\t\t\t\t\t\t\t\t\t<\/div>\n\t\t\t\t<\/div>\n\t\t\t\t<div class=\"elementor-element elementor-element-ad04301 elementor-widget elementor-widget-text-editor\" data-id=\"ad04301\" data-element_type=\"widget\" data-widget_type=\"text-editor.default\">\n\t\t\t\t<div class=\"elementor-widget-container\">\n\t\t\t\t\t\t\t\t\t<p><strong>En octobre 2018, la SCIC SAS La Coop\u00e9rative des Survolt\u00e9s est cr\u00e9\u00e9e comme personne morale distincte de l&rsquo;association, afin de mener \u00e0 bien le volet de cr\u00e9ation de moyens de production d&rsquo;\u00e9nergie renouvelable du projet.<\/strong><\/p>\t\t\t\t\t\t\t\t<\/div>\n\t\t\t\t<\/div>\n\t\t\t\t\t<\/div>\n\t\t\t\t<\/div>\n\t\t\t\t<\/div>\n\t\t","protected":false},"excerpt":{"rendered":"<p>HISTORIQUE Les projets d&rsquo;\u00e9nergie citoyenne ont \u00e9t\u00e9 initi\u00e9s en 2017 par des citoyens de Guipel r\u00e9unis \u00e0 l&rsquo;initiative de quelques-uns pour r\u00e9fl\u00e9chir \u00e0 la transition \u00e9nerg\u00e9tique et \u00e0 la mani\u00e8re d&rsquo;y participer. Ces premi\u00e8res rencontres ont permis de formaliser nos objectifs et de nous constituer une culture commune. Ainsi, d\u00e8s d\u00e9but 2017 un collectif citoyen [&hellip;]<\/p>\n","protected":false},"author":1,"featured_media":0,"parent":0,"menu_order":0,"comment_status":"closed","ping_status":"closed","template":"","meta":{"ocean_post_layout":"","ocean_both_sidebars_style":"","ocean_both_sidebars_content_width":0,"ocean_both_sidebars_sidebars_width":0,"ocean_sidebar":"","ocean_second_sidebar":"","ocean_disable_margins":"enable","ocean_add_body_class":"","ocean_shortcode_before_top_bar":"","ocean_shortcode_after_top_bar":"","ocean_shortcode_before_header":"","ocean_shortcode_after_header":"","ocean_has_shortcode":"","ocean_shortcode_after_title":"","ocean_shortcode_before_footer_widgets":"","ocean_shortcode_after_footer_widgets":"","ocean_shortcode_before_footer_bottom":"","ocean_shortcode_after_footer_bottom":"","ocean_display_top_bar":"default","ocean_display_header":"default","ocean_header_style":"","ocean_center_header_left_menu":"","ocean_custom_header_template":"","ocean_custom_logo":0,"ocean_custom_retina_logo":0,"ocean_custom_logo_max_width":0,"ocean_custom_logo_tablet_max_width":0,"ocean_custom_logo_mobile_max_width":0,"ocean_custom_logo_max_height":0,"ocean_custom_logo_tablet_max_height":0,"ocean_custom_logo_mobile_max_height":0,"ocean_header_custom_menu":"","ocean_menu_typo_font_family":"","ocean_menu_typo_font_subset":"","ocean_menu_typo_font_size":0,"ocean_menu_typo_font_size_tablet":0,"ocean_menu_typo_font_size_mobile":0,"ocean_menu_typo_font_size_unit":"px","ocean_menu_typo_font_weight":"","ocean_menu_typo_font_weight_tablet":"","ocean_menu_typo_font_weight_mobile":"","ocean_menu_typo_transform":"","ocean_menu_typo_transform_tablet":"","ocean_menu_typo_transform_mobile":"","ocean_menu_typo_line_height":0,"ocean_menu_typo_line_height_tablet":0,"ocean_menu_typo_line_height_mobile":0,"ocean_menu_typo_line_height_unit":"","ocean_menu_typo_spacing":0,"ocean_menu_typo_spacing_tablet":0,"ocean_menu_typo_spacing_mobile":0,"ocean_menu_typo_spacing_unit":"","ocean_menu_link_color":"","ocean_menu_link_color_hover":"","ocean_menu_link_color_active":"","ocean_menu_link_background":"","ocean_menu_link_hover_background":"","ocean_menu_link_active_background":"","ocean_menu_social_links_bg":"","ocean_menu_social_hover_links_bg":"","ocean_menu_social_links_color":"","ocean_menu_social_hover_links_color":"","ocean_disable_title":"default","ocean_disable_heading":"default","ocean_post_title":"","ocean_post_subheading":"","ocean_post_title_style":"","ocean_post_title_background_color":"","ocean_post_title_background":0,"ocean_post_title_bg_image_position":"","ocean_post_title_bg_image_attachment":"","ocean_post_title_bg_image_repeat":"","ocean_post_title_bg_image_size":"","ocean_post_title_height":0,"ocean_post_title_bg_overlay":0.5,"ocean_post_title_bg_overlay_color":"","ocean_disable_breadcrumbs":"default","ocean_breadcrumbs_color":"","ocean_breadcrumbs_separator_color":"","ocean_breadcrumbs_links_color":"","ocean_breadcrumbs_links_hover_color":"","ocean_display_footer_widgets":"default","ocean_display_footer_bottom":"default","ocean_custom_footer_template":"","footnotes":""},"class_list":["post-185","page","type-page","status-publish","hentry","entry"],"_links":{"self":[{"href":"https:\/\/www.survoltes.com\/index.php?rest_route=\/wp\/v2\/pages\/185","targetHints":{"allow":["GET"]}}],"collection":[{"href":"https:\/\/www.survoltes.com\/index.php?rest_route=\/wp\/v2\/pages"}],"about":[{"href":"https:\/\/www.survoltes.com\/index.php?rest_route=\/wp\/v2\/types\/page"}],"author":[{"embeddable":true,"href":"https:\/\/www.survoltes.com\/index.php?rest_route=\/wp\/v2\/users\/1"}],"replies":[{"embeddable":true,"href":"https:\/\/www.survoltes.com\/index.php?rest_route=%2Fwp%2Fv2%2Fcomments&post=185"}],"version-history":[{"count":22,"href":"https:\/\/www.survoltes.com\/index.php?rest_route=\/wp\/v2\/pages\/185\/revisions"}],"predecessor-version":[{"id":1624,"href":"https:\/\/www.survoltes.com\/index.php?rest_route=\/wp\/v2\/pages\/185\/revisions\/1624"}],"wp:attachment":[{"href":"https:\/\/www.survoltes.com\/index.php?rest_route=%2Fwp%2Fv2%2Fmedia&parent=185"}],"curies":[{"name":"wp","href":"https:\/\/api.w.org\/{rel}","templated":true}]}}