{"id":1947,"date":"2025-08-26T16:00:05","date_gmt":"2025-08-26T14:00:05","guid":{"rendered":"https:\/\/www.survoltes.com\/?page_id=1947"},"modified":"2026-03-24T16:53:33","modified_gmt":"2026-03-24T15:53:33","slug":"andeole","status":"publish","type":"page","link":"https:\/\/www.survoltes.com\/?page_id=1947","title":{"rendered":"And\u00e9ole"},"content":{"rendered":"\t\t<div data-elementor-type=\"wp-page\" data-elementor-id=\"1947\" class=\"elementor elementor-1947\">\n\t\t\t\t<div class=\"elementor-element elementor-element-66fa27d e-flex e-con-boxed e-con e-parent\" data-id=\"66fa27d\" data-element_type=\"container\">\n\t\t\t\t\t<div class=\"e-con-inner\">\n\t\t\t\t<div class=\"elementor-element elementor-element-33359891 elementor-widget elementor-widget-heading\" data-id=\"33359891\" data-element_type=\"widget\" data-widget_type=\"heading.default\">\n\t\t\t\t<div class=\"elementor-widget-container\">\n\t\t\t\t\t<h2 class=\"elementor-heading-title elementor-size-default\">Actualit\u00e9 du projet \u00e9olien ANDEOLE<\/h2>\t\t\t\t<\/div>\n\t\t\t\t<\/div>\n\t\t\t\t\t<\/div>\n\t\t\t\t<\/div>\n\t\t<div class=\"elementor-element elementor-element-6c887f92 e-flex e-con-boxed e-con e-parent\" data-id=\"6c887f92\" data-element_type=\"container\">\n\t\t\t\t\t<div class=\"e-con-inner\">\n\t\t\t\t<div class=\"elementor-element elementor-element-43007d7d elementor-widget elementor-widget-text-editor\" data-id=\"43007d7d\" data-element_type=\"widget\" data-widget_type=\"text-editor.default\">\n\t\t\t\t<div class=\"elementor-widget-container\">\n\t\t\t\t\t\t\t\t\t<h3 class=\"v1MsoNormal\">Atelier citoyen le 7 avril 18h30 \u2013 20h (mairie de Andouill\u00e9-Neuville)<\/h3><p class=\"v1MsoNormal\"><strong><i>L&rsquo;atelier est ouvert aux personnes ayant manifest\u00e9 leur int\u00e9r\u00eat pour s&rsquo;impliquer en tant que citoyen dans ce projet.<\/i><\/strong><\/p><p class=\"v1MsoNormal\"><i>La gouvernance et le financement sont ouverts aux citoyens, gr\u00e2ce aux 33% du capital d\u00e9tenus par un &lsquo;coll\u00e8ge citoyen&rsquo; et la pr\u00e9sence du collectif citoyen Les Survolt\u00e9s. Le projet continue de se d\u00e9finir sur le plan technique, et l&rsquo;aventure citoyenne avance en parall\u00e8le.\u00a0<\/i><\/p><p class=\"v1MsoNormal\"><i>C&rsquo;est avec plaisir que nous vous invitons \u00e0 rencontrer les partenaires le\u202f 7 avril \u00e0\u202f18h30 pour \u00e9changer ensemble sur ce qu&rsquo;entrer dans la gouvernance du projet en tant que citoyen implique. Le collectif Les Survolt\u00e9s sera pr\u00e9sent pour vous pr\u00e9senter leurs actions sur le territoire, et leur implication dans le projet, et les partenaires Enercoop Bretagne et Energ&rsquo;iV pourront pr\u00e9senter les d\u00e9tails et modalit\u00e9s de cette approche collaborative.\u00a0<\/i><\/p><p class=\"v1MsoNormal\"><i>Il s&rsquo;agira dans un premier temps d&rsquo;une prise d&rsquo;informations, sans engagement, pour que vous puissiez d\u00e9cider par la suite d&rsquo;int\u00e9grer le projet ou non.\u00a0\u00a0<\/i><\/p>\t\t\t\t\t\t\t\t<\/div>\n\t\t\t\t<\/div>\n\t\t\t\t\t<\/div>\n\t\t\t\t<\/div>\n\t\t<div class=\"elementor-element elementor-element-356e56c e-flex e-con-boxed e-con e-parent\" data-id=\"356e56c\" data-element_type=\"container\">\n\t\t\t\t\t<div class=\"e-con-inner\">\n\t\t\t\t<div class=\"elementor-element elementor-element-db5959f elementor-widget elementor-widget-heading\" data-id=\"db5959f\" data-element_type=\"widget\" data-widget_type=\"heading.default\">\n\t\t\t\t<div class=\"elementor-widget-container\">\n\t\t\t\t\t<h2 class=\"elementor-heading-title elementor-size-default\">Le projet \u00e9olien ANDEOLE<\/h2>\t\t\t\t<\/div>\n\t\t\t\t<\/div>\n\t\t\t\t\t<\/div>\n\t\t\t\t<\/div>\n\t\t<div class=\"elementor-element elementor-element-35b4df0e e-flex e-con-boxed e-con e-parent\" data-id=\"35b4df0e\" data-element_type=\"container\">\n\t\t\t\t\t<div class=\"e-con-inner\">\n\t\t<div class=\"elementor-element elementor-element-2866dc9f e-con-full e-flex e-con e-child\" data-id=\"2866dc9f\" data-element_type=\"container\">\n\t\t\t\t<div class=\"elementor-element elementor-element-5ccb5307 elementor-widget__width-initial e-transform elementor-widget elementor-widget-image\" data-id=\"5ccb5307\" data-element_type=\"widget\" data-settings=\"{&quot;_transform_scaleY_effect&quot;:{&quot;unit&quot;:&quot;px&quot;,&quot;size&quot;:1,&quot;sizes&quot;:[]},&quot;_transform_scaleX_effect&quot;:{&quot;unit&quot;:&quot;px&quot;,&quot;size&quot;:&quot;&quot;,&quot;sizes&quot;:[]},&quot;_transform_scaleX_effect_tablet&quot;:{&quot;unit&quot;:&quot;px&quot;,&quot;size&quot;:&quot;&quot;,&quot;sizes&quot;:[]},&quot;_transform_scaleX_effect_mobile&quot;:{&quot;unit&quot;:&quot;px&quot;,&quot;size&quot;:&quot;&quot;,&quot;sizes&quot;:[]},&quot;_transform_scaleY_effect_tablet&quot;:{&quot;unit&quot;:&quot;px&quot;,&quot;size&quot;:&quot;&quot;,&quot;sizes&quot;:[]},&quot;_transform_scaleY_effect_mobile&quot;:{&quot;unit&quot;:&quot;px&quot;,&quot;size&quot;:&quot;&quot;,&quot;sizes&quot;:[]}}\" data-widget_type=\"image.default\">\n\t\t\t\t<div class=\"elementor-widget-container\">\n\t\t\t\t\t\t\t\t\t\t\t\t\t\t\t<img fetchpriority=\"high\" decoding=\"async\" width=\"1024\" height=\"510\" src=\"https:\/\/www.survoltes.com\/wp-content\/uploads\/2025\/08\/Historique-Andeole-1024x510.jpeg\" class=\"attachment-large size-large wp-image-1955\" alt=\"\" srcset=\"https:\/\/www.survoltes.com\/wp-content\/uploads\/2025\/08\/Historique-Andeole-1024x510.jpeg 1024w, https:\/\/www.survoltes.com\/wp-content\/uploads\/2025\/08\/Historique-Andeole-300x149.jpeg 300w, https:\/\/www.survoltes.com\/wp-content\/uploads\/2025\/08\/Historique-Andeole-768x383.jpeg 768w, https:\/\/www.survoltes.com\/wp-content\/uploads\/2025\/08\/Historique-Andeole.jpeg 1355w\" sizes=\"(max-width: 1024px) 100vw, 1024px\" \/>\t\t\t\t\t\t\t\t\t\t\t\t\t\t\t<\/div>\n\t\t\t\t<\/div>\n\t\t\t\t<\/div>\n\t\t\t\t<div class=\"elementor-element elementor-element-7924b440 elementor-widget elementor-widget-text-editor\" data-id=\"7924b440\" data-element_type=\"widget\" data-widget_type=\"text-editor.default\">\n\t\t\t\t<div class=\"elementor-widget-container\">\n\t\t\t\t\t\t\t\t\t<h2 style=\"text-align: center;\"><strong>\u00a0<a href=\"https:\/\/andeole.fr\" target=\"_blank\" rel=\"noopener\">Un projet \u00e9olien citoyen sur Andouill\u00e9-neuville<\/a><\/strong><\/h2><p>Situ\u00e9e au nord-ouest du bourg <a href=\"https:\/\/andouille-neuville.fr\" target=\"_blank\" rel=\"noopener\">d\u2019Andouill\u00e9 Neuville<\/a>, la zone d\u2019implantation potentielle avait \u00e9t\u00e9 rep\u00e9r\u00e9e par plusieurs d\u00e9veloppeurs priv\u00e9s jusqu\u2019\u00e0 en 2022. La maire, Madame GELY-PERNOT, et son conseil municipal ont exprim\u00e9 un avis favorable au d\u00e9veloppement d\u2019un projet \u00e9olien avec la volont\u00e9 de faire \u00e9merger un projet de territoire respectueux de ses int\u00e9r\u00eats.<\/p>\t\t\t\t\t\t\t\t<\/div>\n\t\t\t\t<\/div>\n\t\t\t\t\t<\/div>\n\t\t\t\t<\/div>\n\t\t<div class=\"elementor-element elementor-element-1ffbcc68 e-flex e-con-boxed e-con e-parent\" data-id=\"1ffbcc68\" data-element_type=\"container\">\n\t\t\t\t\t<div class=\"e-con-inner\">\n\t\t\t\t<div class=\"elementor-element elementor-element-1dffc556 elementor-widget elementor-widget-text-editor\" data-id=\"1dffc556\" data-element_type=\"widget\" data-widget_type=\"text-editor.default\">\n\t\t\t\t<div class=\"elementor-widget-container\">\n\t\t\t\t\t\t\t\t\t<p>Pour mener \u00e0 bien son ambition, la commune de a sollicit\u00e9 le soutien technique et juridique de\u00a0\u00c9nerg\u2019iV, la Soci\u00e9t\u00e9 d\u2019\u00c9conomie Mixte du Syndicat D\u00e9partemental d\u2019\u00c9nergie d\u2019Ille-et-Vilaine (SDE35). Avec l\u2019exp\u00e9rience de\u00a0<a href=\"https:\/\/www.eoliencitoyenlanrigan.fr\/\" target=\"_blank\" rel=\"noreferrer noopener\" data-type=\"link\" data-id=\"https:\/\/www.eoliencitoyenlanrigan.fr\/\">Lanrigan dans L\u2019Vent<\/a>, parc \u00e9olien en d\u00e9veloppement \u00e0 proximit\u00e9, la volont\u00e9 de cr\u00e9er un partenariat d\u2019acteurs locaux et publics a \u00e9t\u00e9 identifi\u00e9e. La Communaut\u00e9 de Communes de Val d\u2019Ille Aubign\u00e9 a rejoint le projet pour compl\u00e9ter un coll\u00e8ge public, et un coll\u00e8ge citoyen s\u2019est cr\u00e9\u00e9 avec la coop\u00e9ratives Enercoop Bretagne, sp\u00e9cialiste de la participation locale et citoyenne aux projets d\u2019\u00e9nergie renouvelable, le r\u00e9seau Energie Partag\u00e9e, et notre coop\u00e9rative Les Survolt\u00e9s. La SAS And\u00e9ole est n\u00e9e en 2024 de l\u2019association des membres fondateurs.<\/p><p><span style=\"font-size: 22px;\">Le partenaire technique a \u00e9t\u00e9 s\u00e9lectionn\u00e9 \u00e0 la suite d\u2019auditions finalis\u00e9es en septembre 2024. La soci\u00e9t\u00e9 Vensolair a \u00e9t\u00e9 choisi pour son exp\u00e9rience sur des projets citoyens comme pour son expertise technique.<\/span><\/p>\t\t\t\t\t\t\t\t<\/div>\n\t\t\t\t<\/div>\n\t\t\t\t\t<\/div>\n\t\t\t\t<\/div>\n\t\t<div class=\"elementor-element elementor-element-403ce09 e-grid e-con-boxed e-con e-parent\" data-id=\"403ce09\" data-element_type=\"container\">\n\t\t\t\t\t<div class=\"e-con-inner\">\n\t\t\t\t<div class=\"elementor-element elementor-element-68e70b5 elementor-widget elementor-widget-image\" data-id=\"68e70b5\" data-element_type=\"widget\" data-widget_type=\"image.default\">\n\t\t\t\t<div class=\"elementor-widget-container\">\n\t\t\t\t\t\t\t\t\t\t\t\t\t\t\t<img decoding=\"async\" src=\"https:\/\/www.survoltes.com\/wp-content\/uploads\/2025\/08\/Soc-projet-andeole.png\" title=\"Soc projet and\u00e9ole\" alt=\"Soc projet and\u00e9ole\" loading=\"lazy\" \/>\t\t\t\t\t\t\t\t\t\t\t\t\t\t\t<\/div>\n\t\t\t\t<\/div>\n\t\t\t\t<div class=\"elementor-element elementor-element-3ad798a elementor-widget elementor-widget-image\" data-id=\"3ad798a\" data-element_type=\"widget\" data-widget_type=\"image.default\">\n\t\t\t\t<div class=\"elementor-widget-container\">\n\t\t\t\t\t\t\t\t\t\t\t\t<figure class=\"wp-caption\">\n\t\t\t\t\t\t\t\t\t\t<img decoding=\"async\" src=\"https:\/\/www.survoltes.com\/wp-content\/uploads\/2025\/12\/Mat-de-mesure-ANDEOLE.jpg\" title=\"Mat de mesure ANDEOLE\" alt=\"Mat de mesure ANDEOLE\" loading=\"lazy\" \/>\t\t\t\t\t\t\t\t\t\t\t<figcaption class=\"widget-image-caption wp-caption-text\">Mat de mesure (\u00e9valuation ressource vent, suivi \u00e9cologique et faune locale)<\/figcaption>\n\t\t\t\t\t\t\t\t\t\t<\/figure>\n\t\t\t\t\t\t\t\t\t<\/div>\n\t\t\t\t<\/div>\n\t\t\t\t\t<\/div>\n\t\t\t\t<\/div>\n\t\t<div class=\"elementor-element elementor-element-db6178b e-flex e-con-boxed e-con e-parent\" data-id=\"db6178b\" data-element_type=\"container\">\n\t\t\t\t\t<div class=\"e-con-inner\">\n\t\t\t\t<div class=\"elementor-element elementor-element-659fd25 elementor-widget elementor-widget-heading\" data-id=\"659fd25\" data-element_type=\"widget\" data-widget_type=\"heading.default\">\n\t\t\t\t<div class=\"elementor-widget-container\">\n\t\t\t\t\t<h2 class=\"elementor-heading-title elementor-size-default\">La soci\u00e9t\u00e9 de projet And\u00e9ole<\/h2>\t\t\t\t<\/div>\n\t\t\t\t<\/div>\n\t\t\t\t\t<\/div>\n\t\t\t\t<\/div>\n\t\t<div class=\"elementor-element elementor-element-f547ba1 e-flex e-con-boxed e-con e-parent\" data-id=\"f547ba1\" data-element_type=\"container\">\n\t\t\t\t\t<div class=\"e-con-inner\">\n\t\t\t\t<div class=\"elementor-element elementor-element-9a8c883 elementor-widget elementor-widget-spacer\" data-id=\"9a8c883\" data-element_type=\"widget\" data-widget_type=\"spacer.default\">\n\t\t\t\t<div class=\"elementor-widget-container\">\n\t\t\t\t\t\t\t<div class=\"elementor-spacer\">\n\t\t\t<div class=\"elementor-spacer-inner\"><\/div>\n\t\t<\/div>\n\t\t\t\t\t\t<\/div>\n\t\t\t\t<\/div>\n\t\t\t\t\t<\/div>\n\t\t\t\t<\/div>\n\t\t<div class=\"elementor-element elementor-element-3fc2d5e e-flex e-con-boxed e-con e-parent\" data-id=\"3fc2d5e\" data-element_type=\"container\">\n\t\t\t\t\t<div class=\"e-con-inner\">\n\t\t\t\t<div class=\"elementor-element elementor-element-c1cab89 elementor-widget elementor-widget-text-editor\" data-id=\"c1cab89\" data-element_type=\"widget\" data-widget_type=\"text-editor.default\">\n\t\t\t\t<div class=\"elementor-widget-container\">\n\t\t\t\t\t\t\t\t\t<p>Le projet \u00e9olien d\u2019Andouill\u00e9 Neuville fait l\u2019objet d\u2019une concertation ambitieuse, afin de fournir un maximum d\u2019informations aux riverains et acteurs locaux.<\/p><ul><li>En mars 2025, une enqu\u00eate \u201cporte-\u00e0-porte\u201d a eu lieu afin de v\u00e9rifier l\u2019acceptation locale du projet, d\u2019informer les riverains et de comprendre les motivations et inqui\u00e9tudes engendr\u00e9es.<\/li><li>Le 3 avril 2025, une rencontre citoyenne a permis aux riverains de rencontrer les porteurs de projet.<\/li><li>L&rsquo;inauguration du mat de mesure en juillet 2025 a \u00e9t\u00e9 l&rsquo;occasion pour une vingtaine de participants, d\u2019\u00e9changer avec les acteurs du projet autour de son objectif, de sa m\u00e9thodologie et des \u00e9tudes environnementales men\u00e9es en parall\u00e8le.<\/li><\/ul><h3><strong>Le r\u00f4le de notre coop\u00e9rative dans la soci\u00e9t\u00e9 de projet And\u00e9ole est de porter la parole citoyenne en:\u00a0<\/strong><\/h3><ul><li>Contribuant activement \u00e0 la mobilisation citoyenne permettant \u00e0 la SPV de remplir son objectif d\u2019investissement participatif par des citoyens\u00a0;<\/li><li>Participant aux actions de concertation avec les habitants, les acteurs publics et associatifs\u00a0;<\/li><li>Proposant une assistance dans le choix, le positionnement des \u00e9oliennes et la finalisation de l\u2019\u00e9tude d\u2019impact<\/li><li>Communicant aupr\u00e8s des tiers sur les aspects objectifs techniques et financier du projet.<\/li><\/ul><p><strong>Deux instances ont \u00e9t\u00e9 mises en place pour favoriser le dialogue:<\/strong><\/p><ul class=\"wp-block-list\"><li><strong>Un comit\u00e9 de projet<\/strong>, compos\u00e9 d\u2019\u00e9lus du territoire, d\u2019associations environnementales, et de riverains.<\/li><li><strong>Un groupe de travail riverains<\/strong>, qui vise \u00e0 permettre l\u2019appropriation des enjeux de l\u2019\u00e9olien par les riverains.<\/li><\/ul><h3 class=\"wp-block-heading\" style=\"text-align: center;\">Nous souhaitons mettre en place un financement citoyen, afin de maximiser les retomb\u00e9es locales. Un collectif citoyen pourra \u00eatre cr\u00e9\u00e9 une fois le projet bien avanc\u00e9.<\/h3>\t\t\t\t\t\t\t\t<\/div>\n\t\t\t\t<\/div>\n\t\t\t\t\t<\/div>\n\t\t\t\t<\/div>\n\t\t<div class=\"elementor-element elementor-element-6fa73848 e-flex e-con-boxed e-con e-parent\" data-id=\"6fa73848\" data-element_type=\"container\">\n\t\t\t\t\t<div class=\"e-con-inner\">\n\t\t\t\t<div class=\"elementor-element elementor-element-56fd970a e-transform elementor-widget elementor-widget-image\" data-id=\"56fd970a\" data-element_type=\"widget\" data-settings=\"{&quot;_transform_scale_effect&quot;:{&quot;unit&quot;:&quot;px&quot;,&quot;size&quot;:1.1,&quot;sizes&quot;:[]},&quot;_transform_scale_effect_tablet&quot;:{&quot;unit&quot;:&quot;px&quot;,&quot;size&quot;:&quot;&quot;,&quot;sizes&quot;:[]},&quot;_transform_scale_effect_mobile&quot;:{&quot;unit&quot;:&quot;px&quot;,&quot;size&quot;:&quot;&quot;,&quot;sizes&quot;:[]}}\" data-widget_type=\"image.default\">\n\t\t\t\t<div class=\"elementor-widget-container\">\n\t\t\t\t\t\t\t\t\t\t\t\t\t\t\t<img decoding=\"async\" width=\"1024\" height=\"397\" src=\"https:\/\/www.survoltes.com\/wp-content\/uploads\/2025\/08\/11-1024x397.jpg\" class=\"attachment-large size-large wp-image-1957\" alt=\"\" srcset=\"https:\/\/www.survoltes.com\/wp-content\/uploads\/2025\/08\/11-1024x397.jpg 1024w, https:\/\/www.survoltes.com\/wp-content\/uploads\/2025\/08\/11-300x116.jpg 300w, https:\/\/www.survoltes.com\/wp-content\/uploads\/2025\/08\/11-768x298.jpg 768w, https:\/\/www.survoltes.com\/wp-content\/uploads\/2025\/08\/11-1536x596.jpg 1536w, https:\/\/www.survoltes.com\/wp-content\/uploads\/2025\/08\/11.jpg 1650w\" sizes=\"(max-width: 1024px) 100vw, 1024px\" \/>\t\t\t\t\t\t\t\t\t\t\t\t\t\t\t<\/div>\n\t\t\t\t<\/div>\n\t\t\t\t\t<\/div>\n\t\t\t\t<\/div>\n\t\t\t\t<\/div>\n\t\t","protected":false},"excerpt":{"rendered":"<p>Actualit\u00e9 du projet \u00e9olien ANDEOLE Atelier citoyen le 7 avril 18h30 \u2013 20h (mairie de Andouill\u00e9-Neuville) L&rsquo;atelier est ouvert aux personnes ayant manifest\u00e9 leur int\u00e9r\u00eat pour s&rsquo;impliquer en tant que citoyen dans ce projet. La gouvernance et le financement sont ouverts aux citoyens, gr\u00e2ce aux 33% du capital d\u00e9tenus par un &lsquo;coll\u00e8ge citoyen&rsquo; et la [&hellip;]<\/p>\n","protected":false},"author":1,"featured_media":0,"parent":0,"menu_order":0,"comment_status":"closed","ping_status":"closed","template":"","meta":{"ocean_post_layout":"","ocean_both_sidebars_style":"","ocean_both_sidebars_content_width":0,"ocean_both_sidebars_sidebars_width":0,"ocean_sidebar":"","ocean_second_sidebar":"","ocean_disable_margins":"enable","ocean_add_body_class":"","ocean_shortcode_before_top_bar":"","ocean_shortcode_after_top_bar":"","ocean_shortcode_before_header":"","ocean_shortcode_after_header":"","ocean_has_shortcode":"","ocean_shortcode_after_title":"","ocean_shortcode_before_footer_widgets":"","ocean_shortcode_after_footer_widgets":"","ocean_shortcode_before_footer_bottom":"","ocean_shortcode_after_footer_bottom":"","ocean_display_top_bar":"default","ocean_display_header":"default","ocean_header_style":"","ocean_center_header_left_menu":"","ocean_custom_header_template":"","ocean_custom_logo":0,"ocean_custom_retina_logo":0,"ocean_custom_logo_max_width":0,"ocean_custom_logo_tablet_max_width":0,"ocean_custom_logo_mobile_max_width":0,"ocean_custom_logo_max_height":0,"ocean_custom_logo_tablet_max_height":0,"ocean_custom_logo_mobile_max_height":0,"ocean_header_custom_menu":"","ocean_menu_typo_font_family":"","ocean_menu_typo_font_subset":"","ocean_menu_typo_font_size":0,"ocean_menu_typo_font_size_tablet":0,"ocean_menu_typo_font_size_mobile":0,"ocean_menu_typo_font_size_unit":"px","ocean_menu_typo_font_weight":"","ocean_menu_typo_font_weight_tablet":"","ocean_menu_typo_font_weight_mobile":"","ocean_menu_typo_transform":"","ocean_menu_typo_transform_tablet":"","ocean_menu_typo_transform_mobile":"","ocean_menu_typo_line_height":0,"ocean_menu_typo_line_height_tablet":0,"ocean_menu_typo_line_height_mobile":0,"ocean_menu_typo_line_height_unit":"","ocean_menu_typo_spacing":0,"ocean_menu_typo_spacing_tablet":0,"ocean_menu_typo_spacing_mobile":0,"ocean_menu_typo_spacing_unit":"","ocean_menu_link_color":"","ocean_menu_link_color_hover":"","ocean_menu_link_color_active":"","ocean_menu_link_background":"","ocean_menu_link_hover_background":"","ocean_menu_link_active_background":"","ocean_menu_social_links_bg":"","ocean_menu_social_hover_links_bg":"","ocean_menu_social_links_color":"","ocean_menu_social_hover_links_color":"","ocean_disable_title":"default","ocean_disable_heading":"default","ocean_post_title":"","ocean_post_subheading":"","ocean_post_title_style":"","ocean_post_title_background_color":"","ocean_post_title_background":0,"ocean_post_title_bg_image_position":"","ocean_post_title_bg_image_attachment":"","ocean_post_title_bg_image_repeat":"","ocean_post_title_bg_image_size":"","ocean_post_title_height":0,"ocean_post_title_bg_overlay":0.5,"ocean_post_title_bg_overlay_color":"","ocean_disable_breadcrumbs":"default","ocean_breadcrumbs_color":"","ocean_breadcrumbs_separator_color":"","ocean_breadcrumbs_links_color":"","ocean_breadcrumbs_links_hover_color":"","ocean_display_footer_widgets":"default","ocean_display_footer_bottom":"default","ocean_custom_footer_template":"","footnotes":""},"class_list":["post-1947","page","type-page","status-publish","hentry","entry"],"_links":{"self":[{"href":"https:\/\/www.survoltes.com\/index.php?rest_route=\/wp\/v2\/pages\/1947","targetHints":{"allow":["GET"]}}],"collection":[{"href":"https:\/\/www.survoltes.com\/index.php?rest_route=\/wp\/v2\/pages"}],"about":[{"href":"https:\/\/www.survoltes.com\/index.php?rest_route=\/wp\/v2\/types\/page"}],"author":[{"embeddable":true,"href":"https:\/\/www.survoltes.com\/index.php?rest_route=\/wp\/v2\/users\/1"}],"replies":[{"embeddable":true,"href":"https:\/\/www.survoltes.com\/index.php?rest_route=%2Fwp%2Fv2%2Fcomments&post=1947"}],"version-history":[{"count":37,"href":"https:\/\/www.survoltes.com\/index.php?rest_route=\/wp\/v2\/pages\/1947\/revisions"}],"predecessor-version":[{"id":2283,"href":"https:\/\/www.survoltes.com\/index.php?rest_route=\/wp\/v2\/pages\/1947\/revisions\/2283"}],"wp:attachment":[{"href":"https:\/\/www.survoltes.com\/index.php?rest_route=%2Fwp%2Fv2%2Fmedia&parent=1947"}],"curies":[{"name":"wp","href":"https:\/\/api.w.org\/{rel}","templated":true}]}}