{"id":2089,"date":"2025-11-27T16:45:18","date_gmt":"2025-11-27T15:45:18","guid":{"rendered":"https:\/\/www.survoltes.com\/?page_id=2089"},"modified":"2025-12-09T11:28:06","modified_gmt":"2025-12-09T10:28:06","slug":"boucle-dautoconsommation-collective","status":"publish","type":"page","link":"https:\/\/www.survoltes.com\/?page_id=2089","title":{"rendered":"Autoconsommation collective"},"content":{"rendered":"\t\t<div data-elementor-type=\"wp-page\" data-elementor-id=\"2089\" class=\"elementor elementor-2089\">\n\t\t\t\t<div class=\"elementor-element elementor-element-3685487c e-flex e-con-boxed e-con e-parent\" data-id=\"3685487c\" data-element_type=\"container\">\n\t\t\t\t\t<div class=\"e-con-inner\">\n\t\t\t\t<div class=\"elementor-element elementor-element-a4fc909 elementor-widget elementor-widget-heading\" data-id=\"a4fc909\" data-element_type=\"widget\" data-widget_type=\"heading.default\">\n\t\t\t\t<div class=\"elementor-widget-container\">\n\t\t\t\t\t<h2 class=\"elementor-heading-title elementor-size-default\">Boucle d'autoconsommation collective (ACC)<\/h2>\t\t\t\t<\/div>\n\t\t\t\t<\/div>\n\t\t\t\t<div class=\"elementor-element elementor-element-6026724a elementor-widget elementor-widget-image\" data-id=\"6026724a\" data-element_type=\"widget\" data-widget_type=\"image.default\">\n\t\t\t\t<div class=\"elementor-widget-container\">\n\t\t\t\t\t\t\t\t\t\t\t\t\t\t\t<img fetchpriority=\"high\" decoding=\"async\" width=\"1024\" height=\"455\" src=\"https:\/\/www.survoltes.com\/wp-content\/uploads\/2025\/11\/ACC-principe-1024x455.jpg\" class=\"attachment-large size-large wp-image-2092\" alt=\"\" srcset=\"https:\/\/www.survoltes.com\/wp-content\/uploads\/2025\/11\/ACC-principe-1024x455.jpg 1024w, https:\/\/www.survoltes.com\/wp-content\/uploads\/2025\/11\/ACC-principe-300x133.jpg 300w, https:\/\/www.survoltes.com\/wp-content\/uploads\/2025\/11\/ACC-principe-768x341.jpg 768w, https:\/\/www.survoltes.com\/wp-content\/uploads\/2025\/11\/ACC-principe-1536x683.jpg 1536w, https:\/\/www.survoltes.com\/wp-content\/uploads\/2025\/11\/ACC-principe.jpg 1950w\" sizes=\"(max-width: 1024px) 100vw, 1024px\" \/>\t\t\t\t\t\t\t\t\t\t\t\t\t\t\t<\/div>\n\t\t\t\t<\/div>\n\t\t\t\t\t<\/div>\n\t\t\t\t<\/div>\n\t\t<div class=\"elementor-element elementor-element-1290dcc e-flex e-con-boxed e-con e-parent\" data-id=\"1290dcc\" data-element_type=\"container\">\n\t\t\t\t\t<div class=\"e-con-inner\">\n\t\t\t\t<div class=\"elementor-element elementor-element-c2d637c elementor-widget elementor-widget-text-editor\" data-id=\"c2d637c\" data-element_type=\"widget\" data-widget_type=\"text-editor.default\">\n\t\t\t\t<div class=\"elementor-widget-container\">\n\t\t\t\t\t\t\t\t\t<p><em>\u00a0 \u00a0 \u00a0 \u00a0 \u00a0 \u00a0 \u00a0 Source Centrale Villageoise<\/em><\/p>\t\t\t\t\t\t\t\t<\/div>\n\t\t\t\t<\/div>\n\t\t\t\t\t<\/div>\n\t\t\t\t<\/div>\n\t\t<div class=\"elementor-element elementor-element-48a52a16 e-flex e-con-boxed e-con e-parent\" data-id=\"48a52a16\" data-element_type=\"container\">\n\t\t\t\t\t<div class=\"e-con-inner\">\n\t\t<div class=\"elementor-element elementor-element-370562ab e-con-full e-flex e-con e-child\" data-id=\"370562ab\" data-element_type=\"container\">\n\t\t\t\t<div class=\"elementor-element elementor-element-f4e076 elementor-widget__width-initial e-transform elementor-widget elementor-widget-image\" data-id=\"f4e076\" data-element_type=\"widget\" data-settings=\"{&quot;_transform_scaleY_effect&quot;:{&quot;unit&quot;:&quot;px&quot;,&quot;size&quot;:1,&quot;sizes&quot;:[]},&quot;_transform_scaleX_effect&quot;:{&quot;unit&quot;:&quot;px&quot;,&quot;size&quot;:&quot;&quot;,&quot;sizes&quot;:[]},&quot;_transform_scaleX_effect_tablet&quot;:{&quot;unit&quot;:&quot;px&quot;,&quot;size&quot;:&quot;&quot;,&quot;sizes&quot;:[]},&quot;_transform_scaleX_effect_mobile&quot;:{&quot;unit&quot;:&quot;px&quot;,&quot;size&quot;:&quot;&quot;,&quot;sizes&quot;:[]},&quot;_transform_scaleY_effect_tablet&quot;:{&quot;unit&quot;:&quot;px&quot;,&quot;size&quot;:&quot;&quot;,&quot;sizes&quot;:[]},&quot;_transform_scaleY_effect_mobile&quot;:{&quot;unit&quot;:&quot;px&quot;,&quot;size&quot;:&quot;&quot;,&quot;sizes&quot;:[]}}\" data-widget_type=\"image.default\">\n\t\t\t\t<div class=\"elementor-widget-container\">\n\t\t\t\t\t\t\t\t\t\t\t\t\t\t\t<img decoding=\"async\" src=\"https:\/\/www.survoltes.com\/wp-content\/uploads\/2025\/11\/sun-and-go-schema-explicatif-autoconsommation-collective-entreprise-collectivite-region-sud-06-1536x864-1-e1764841557970.png\" title=\"sun-and-go-schema-explicatif-autoconsommation-collective-entreprise-collectivite-region-sud-06-1536&#215;864\" alt=\"sun-and-go-schema-explicatif-autoconsommation-collective-entreprise-collectivite-region-sud-06-1536x864\" loading=\"lazy\" \/>\t\t\t\t\t\t\t\t\t\t\t\t\t\t\t<\/div>\n\t\t\t\t<\/div>\n\t\t\t\t<\/div>\n\t\t\t\t<div class=\"elementor-element elementor-element-7c31488a elementor-widget elementor-widget-text-editor\" data-id=\"7c31488a\" data-element_type=\"widget\" data-widget_type=\"text-editor.default\">\n\t\t\t\t<div class=\"elementor-widget-container\">\n\t\t\t\t\t\t\t\t\t<p style=\"text-align: justify;\"><span style=\"font-size: 22px; color: #0e1680; text-align: justify;\">Dans le domaine de l\u2019\u00e9nergie, les boucle d\u2019autoconsommation collective s\u2019inspire du cercle vertueux des AMAP en permettant \u00e0 une soci\u00e9t\u00e9 citoyenne de production d\u2019\u00e9nergie renouvelable de vendre de l&rsquo;\u00e9nergie \u00e9lectrique \u00e0 des consommateurs situ\u00e9s \u00e0 proximit\u00e9 d&rsquo;installations de production (2, 10 ou 20 Km, respectivement en secteur urbain, p\u00e9ri-urbain et rural). <\/span><\/p>\n<p>Le dialogue entre consommateurs et producteurs, ouvre la possibilit\u00e9&nbsp; de fixer le prix de fa\u00e7on concert\u00e9e et de mettre en place une tarification solidaire, ainsi que d&rsquo;encourager les pratiques de ma\u00eetrise des consommations entre consomm&rsquo;acteurs de la boucle ACC.<\/p>\n<p style=\"text-align: justify;\"><span style=\"font-size: 22px; color: #0e1680; text-align: justify;\">Ind\u00e9pendamment de son int\u00e9r\u00eat financier, ce circuit court de production\/consommation \u00e9nerg\u00e9tique locale permet au citoyen consommateur de devenir acteur de la transition \u00e9nerg\u00e9tique.&nbsp;&nbsp;<\/span><\/p>\t\t\t\t\t\t\t\t<\/div>\n\t\t\t\t<\/div>\n\t\t\t\t\t<\/div>\n\t\t\t\t<\/div>\n\t\t<div class=\"elementor-element elementor-element-58340796 e-flex e-con-boxed e-con e-parent\" data-id=\"58340796\" data-element_type=\"container\">\n\t\t\t\t\t<div class=\"e-con-inner\">\n\t\t\t\t<div class=\"elementor-element elementor-element-6ac2b2a7 elementor-widget elementor-widget-text-editor\" data-id=\"6ac2b2a7\" data-element_type=\"widget\" data-widget_type=\"text-editor.default\">\n\t\t\t\t<div class=\"elementor-widget-container\">\n\t\t\t\t\t\t\t\t\t<p>Notre coop\u00e9rative a d\u00e9velopp\u00e9 jusqu\u2019\u00e0 maintenant ses propres projets de centrales photovolta\u00efques en revente totale. Dans cette option, la plus simple en termes de gestion, la totalit\u00e9 de l\u2019\u00e9lectricit\u00e9 produite par chacune de nos centrales est revendue \u00e0 un prix fix\u00e9 pour 20 ans par un contrat EDF OA (Obligation d\u2019Achat). Le tarif de rachat EDF OA ne cesse de baisser, ce qui fragilise aujourd\u2019hui l\u2019\u00e9quilibre \u00e9conomique de ces projets en revente totale.<\/p>\n<p>En mettant autour de la table consommateurs et producteurs, c\u2019est tout un champ des possibles qui<br>s\u2019ouvre : comment fixer le prix ? Peut-on mutualiser les investissements ? Mettre en place une<br>tarification solidaire ? Appuyer les pratiques de ma\u00eetrise des consommations entre voisins ?<\/p>\n<p>L\u2019autoconsommation collective (ACC) s\u2019impose donc comme une alternative tr\u00e8s prometteuse.<\/p>\n<p style=\"margin-bottom: 0cm; line-height: normal;\"><b>Quel est l\u2019int\u00e9r\u00eat de participer \u00e0 une boucle d\u2019ACC&nbsp;? <\/b><\/p>\n<p style=\"margin-bottom: 0cm; line-height: normal;\">&#8211; produire et acheter local (un circuit court \u00e9nerg\u00e9tique pour \u00e9viter le court-circuit)<\/p>\n<p style=\"margin-bottom: 0cm; line-height: normal;\">&#8211; contribuer \u00e0 r\u00e9duire la part des \u00e9nergies fossiles par la valorisation des \u00e9nergies renouvelables.<\/p>\n<p style=\"margin-bottom: 0cm; line-height: normal;\">&#8211; se r\u00e9approprier le sujet \u00e9nergie au b\u00e9n\u00e9fice de son territoire<\/p>\n<p style=\"margin-bottom: 0cm; line-height: normal;\">&#8211; mieux ma\u00eetriser sa consommation d&rsquo;\u00e9nergie.<\/p>\n<p style=\"margin-bottom: 0cm; line-height: normal;\">&#8211; r\u00e9duire et stabiliser sa facture \u00e9nerg\u00e9tique car l&rsquo;\u00e9nergie citoyenne n&rsquo;est pas soumise aux fluctuations et \u00e0 l\u2019augmentation croissante des prix du march\u00e9. Le tarif du kWh que nous vous proposerons, sera calcul\u00e9 au plus juste, en fonction du co\u00fbt des installations de production, et il restera stable dans la dur\u00e9e.<\/p>\n<p style=\"margin-bottom: 0cm; line-height: normal;\"><b>&nbsp;<\/b><\/p>\n<p style=\"margin-bottom: 0cm; line-height: normal;\"><b>Qui peut participer<\/b> <b>\u00e0 notre boucle d\u2019ACC&nbsp;?<\/b><\/p>\n<p style=\"margin-right: -14.2pt;\"><em>Tout consommateur int\u00e9ress\u00e9 (particulier, entreprise, commerce,&#8230;) r\u00e9sidant sur le territoire d\u00e9limit\u00e9 (le p\u00e9rim\u00e8tre de la boucle est en cours de d\u00e9finition)<strong> et \u00e9quip\u00e9 d\u2019un compteur communiquant Linky <\/strong>peut b\u00e9n\u00e9ficier de cette offre.<\/em><\/p>\n<p style=\"line-height: normal; margin: 0cm -14.2pt 0cm 0cm;\">&nbsp;<b>Comment participer&nbsp;?<\/b><\/p>\n<p style=\"line-height: normal; margin: 0cm -14.2pt 0cm 0cm;\">il suffit d&rsquo;\u00eatre ou de devenir soci\u00e9taire Survolt\u00e9s (une part sociale de 20\u20ac minimum):<\/p>\n<p style=\"margin-bottom: 0cm; line-height: normal;\">&#8211; Vous conserverez votre fournisseur habituel aux m\u00eames conditions, aucune d\u00e9marche n&rsquo;\u00e9tant n\u00e9cessaire aupr\u00e8s de lui, aucun abonnement ne nous est d\u00fb, seul les KWh fournis seront factur\u00e9s.<\/p>\n<p style=\"margin-bottom: 0cm; line-height: normal;\">&#8211; Nous ne demandons pas d\u2019engagement de dur\u00e9e et vous pourrez r\u00e9silier votre contrat ACC Survolt\u00e9s \u00e0 tout moment.<\/p>\n<p style=\"margin-bottom: 0cm; line-height: normal;\"><em><strong>Notre coop\u00e9rative assurera le r\u00f4le de la Personne Morale Organisatrice<\/strong><\/em><\/p>\n<p><span class=\"author-a-wz86zz88z9lbnz68z9z84zz87z4z88zxz76zv\">Nous analyserons avec chacun des autoconsommateurs Survolt\u00e9s potentiels votre consommation \u00e9nerg\u00e9tique au fil des journ\u00e9es, des mois, des ann\u00e9es (courbes de charges fournies gr\u00e2ce \u00e0 vos compteurs communiquant Linky). La configuration id\u00e9ale d&rsquo;une boucle ACC est de trouver l&rsquo;ensemble des consomm&rsquo;acteur potentiels qui autoconsommeront la totalit\u00e9 de la production \u00e9lectrique de l&rsquo;ensemble des centrales PV de la boucle (100% d&rsquo;autoconsommation). En cas d&rsquo;autoconsommation partielle, le surplus comptabilis\u00e9 et r\u00e9inject\u00e9 sur le r\u00e9seau pourrait-\u00eatre c\u00e9d\u00e9 \u00e0 un r\u00e9gulateur\/fournissseur d&rsquo;\u00e9nergie comme Enercoop en \u00e9change de sa fonction de r\u00e9gulateur de r\u00e9seau.<\/span><\/p>\n<p style=\"margin-bottom: 0cm; line-height: normal;\">Pour la mise en place et la gestion de l&rsquo;ACC, nous serons \u00e9paul\u00e9s par la <a href=\"https:\/\/ciren-sas.fr\" target=\"_blank\" rel=\"noopener\">Citoyenne Rennaise de l\u2019\u00e9nergie Renouvelable (CIREN)<\/a> qui g\u00e8rent d\u00e9j\u00e0 plusieurs boucles d&rsquo;ACC sur le pays rennais.<\/p>\t\t\t\t\t\t\t\t<\/div>\n\t\t\t\t<\/div>\n\t\t\t\t\t<\/div>\n\t\t\t\t<\/div>\n\t\t<div class=\"elementor-element elementor-element-64b2f021 e-flex e-con-boxed e-con e-parent\" data-id=\"64b2f021\" data-element_type=\"container\">\n\t\t\t\t\t<div class=\"e-con-inner\">\n\t\t\t\t<div class=\"elementor-element elementor-element-6ae8fa47 elementor-widget elementor-widget-text-editor\" data-id=\"6ae8fa47\" data-element_type=\"widget\" data-widget_type=\"text-editor.default\">\n\t\t\t\t<div class=\"elementor-widget-container\">\n\t\t\t\t\t\t\t\t\t<h3 style=\"text-align: center;\"><strong>Contactez-nous si vous \u00eates int\u00e9ress\u00e9s pour participer en tant que consomm&rsquo;acteur \u00e0 la premi\u00e8re boucle d&rsquo;autoconsommation Collective Survolt\u00e9s1.&nbsp;<\/strong><\/h3>\n<h3 style=\"text-align: center;\"><strong><a href=\"https:\/\/www.survoltes.com\/?page_id=429\" target=\"_blank\" rel=\"noopener\">(vers la page Nous rejoindre)<\/a><\/strong><\/h3>\t\t\t\t\t\t\t\t<\/div>\n\t\t\t\t<\/div>\n\t\t\t\t\t<\/div>\n\t\t\t\t<\/div>\n\t\t\t\t<\/div>\n\t\t","protected":false},"excerpt":{"rendered":"<p>Boucle d&rsquo;autoconsommation collective (ACC) \u00a0 \u00a0 \u00a0 \u00a0 \u00a0 \u00a0 \u00a0 Source Centrale Villageoise Dans le domaine de l\u2019\u00e9nergie, les boucle d\u2019autoconsommation collective s\u2019inspire du cercle vertueux des AMAP en permettant \u00e0 une soci\u00e9t\u00e9 citoyenne de production d\u2019\u00e9nergie renouvelable de vendre de l&rsquo;\u00e9nergie \u00e9lectrique \u00e0 des consommateurs situ\u00e9s \u00e0 proximit\u00e9 d&rsquo;installations de production (2, 10 [&hellip;]<\/p>\n","protected":false},"author":1,"featured_media":0,"parent":0,"menu_order":0,"comment_status":"closed","ping_status":"closed","template":"","meta":{"ocean_post_layout":"","ocean_both_sidebars_style":"","ocean_both_sidebars_content_width":0,"ocean_both_sidebars_sidebars_width":0,"ocean_sidebar":"","ocean_second_sidebar":"","ocean_disable_margins":"enable","ocean_add_body_class":"","ocean_shortcode_before_top_bar":"","ocean_shortcode_after_top_bar":"","ocean_shortcode_before_header":"","ocean_shortcode_after_header":"","ocean_has_shortcode":"","ocean_shortcode_after_title":"","ocean_shortcode_before_footer_widgets":"","ocean_shortcode_after_footer_widgets":"","ocean_shortcode_before_footer_bottom":"","ocean_shortcode_after_footer_bottom":"","ocean_display_top_bar":"default","ocean_display_header":"default","ocean_header_style":"","ocean_center_header_left_menu":"","ocean_custom_header_template":"","ocean_custom_logo":0,"ocean_custom_retina_logo":0,"ocean_custom_logo_max_width":0,"ocean_custom_logo_tablet_max_width":0,"ocean_custom_logo_mobile_max_width":0,"ocean_custom_logo_max_height":0,"ocean_custom_logo_tablet_max_height":0,"ocean_custom_logo_mobile_max_height":0,"ocean_header_custom_menu":"","ocean_menu_typo_font_family":"","ocean_menu_typo_font_subset":"","ocean_menu_typo_font_size":0,"ocean_menu_typo_font_size_tablet":0,"ocean_menu_typo_font_size_mobile":0,"ocean_menu_typo_font_size_unit":"px","ocean_menu_typo_font_weight":"","ocean_menu_typo_font_weight_tablet":"","ocean_menu_typo_font_weight_mobile":"","ocean_menu_typo_transform":"","ocean_menu_typo_transform_tablet":"","ocean_menu_typo_transform_mobile":"","ocean_menu_typo_line_height":0,"ocean_menu_typo_line_height_tablet":0,"ocean_menu_typo_line_height_mobile":0,"ocean_menu_typo_line_height_unit":"","ocean_menu_typo_spacing":0,"ocean_menu_typo_spacing_tablet":0,"ocean_menu_typo_spacing_mobile":0,"ocean_menu_typo_spacing_unit":"","ocean_menu_link_color":"","ocean_menu_link_color_hover":"","ocean_menu_link_color_active":"","ocean_menu_link_background":"","ocean_menu_link_hover_background":"","ocean_menu_link_active_background":"","ocean_menu_social_links_bg":"","ocean_menu_social_hover_links_bg":"","ocean_menu_social_links_color":"","ocean_menu_social_hover_links_color":"","ocean_disable_title":"default","ocean_disable_heading":"default","ocean_post_title":"","ocean_post_subheading":"","ocean_post_title_style":"","ocean_post_title_background_color":"","ocean_post_title_background":0,"ocean_post_title_bg_image_position":"","ocean_post_title_bg_image_attachment":"","ocean_post_title_bg_image_repeat":"","ocean_post_title_bg_image_size":"","ocean_post_title_height":0,"ocean_post_title_bg_overlay":0.5,"ocean_post_title_bg_overlay_color":"","ocean_disable_breadcrumbs":"default","ocean_breadcrumbs_color":"","ocean_breadcrumbs_separator_color":"","ocean_breadcrumbs_links_color":"","ocean_breadcrumbs_links_hover_color":"","ocean_display_footer_widgets":"default","ocean_display_footer_bottom":"default","ocean_custom_footer_template":"","footnotes":""},"class_list":["post-2089","page","type-page","status-publish","hentry","entry"],"_links":{"self":[{"href":"https:\/\/www.survoltes.com\/index.php?rest_route=\/wp\/v2\/pages\/2089","targetHints":{"allow":["GET"]}}],"collection":[{"href":"https:\/\/www.survoltes.com\/index.php?rest_route=\/wp\/v2\/pages"}],"about":[{"href":"https:\/\/www.survoltes.com\/index.php?rest_route=\/wp\/v2\/types\/page"}],"author":[{"embeddable":true,"href":"https:\/\/www.survoltes.com\/index.php?rest_route=\/wp\/v2\/users\/1"}],"replies":[{"embeddable":true,"href":"https:\/\/www.survoltes.com\/index.php?rest_route=%2Fwp%2Fv2%2Fcomments&post=2089"}],"version-history":[{"count":26,"href":"https:\/\/www.survoltes.com\/index.php?rest_route=\/wp\/v2\/pages\/2089\/revisions"}],"predecessor-version":[{"id":2148,"href":"https:\/\/www.survoltes.com\/index.php?rest_route=\/wp\/v2\/pages\/2089\/revisions\/2148"}],"wp:attachment":[{"href":"https:\/\/www.survoltes.com\/index.php?rest_route=%2Fwp%2Fv2%2Fmedia&parent=2089"}],"curies":[{"name":"wp","href":"https:\/\/api.w.org\/{rel}","templated":true}]}}