{"id":435,"date":"2024-11-20T11:09:34","date_gmt":"2024-11-20T10:09:34","guid":{"rendered":"https:\/\/www.survoltes.com\/?page_id=435"},"modified":"2024-12-21T12:04:40","modified_gmt":"2024-12-21T11:04:40","slug":"contacter-la-cooperative","status":"publish","type":"page","link":"https:\/\/www.survoltes.com\/?page_id=435","title":{"rendered":"Contacter la coop\u00e9rative"},"content":{"rendered":"\t\t<div data-elementor-type=\"wp-page\" data-elementor-id=\"435\" class=\"elementor elementor-435\">\n\t\t\t\t<div class=\"elementor-element elementor-element-71452c2 e-flex e-con-boxed e-con e-parent\" data-id=\"71452c2\" data-element_type=\"container\">\n\t\t\t\t\t<div class=\"e-con-inner\">\n\t\t\t\t<div class=\"elementor-element elementor-element-79918ae elementor-widget elementor-widget-heading\" data-id=\"79918ae\" data-element_type=\"widget\" data-widget_type=\"heading.default\">\n\t\t\t\t<div class=\"elementor-widget-container\">\n\t\t\t\t\t<h2 class=\"elementor-heading-title elementor-size-default\">Contacter la SCIC-SAS La coop\u00e9rative des Survolt\u00e9s<\/h2>\t\t\t\t<\/div>\n\t\t\t\t<\/div>\n\t\t\t\t\t<\/div>\n\t\t\t\t<\/div>\n\t\t<div class=\"elementor-element elementor-element-a1e8c9c e-flex e-con-boxed e-con e-parent\" data-id=\"a1e8c9c\" data-element_type=\"container\">\n\t\t\t\t\t<div class=\"e-con-inner\">\n\t\t\t\t<div class=\"elementor-element elementor-element-a60c462 elementor-widget elementor-widget-wpforms\" data-id=\"a60c462\" data-element_type=\"widget\" data-widget_type=\"wpforms.default\">\n\t\t\t\t<div class=\"elementor-widget-container\">\n\t\t\t\t\t<style id=\"wpforms-css-vars-root\">\n\t\t\t\t:root {\n\t\t\t\t\t--wpforms-field-border-radius: 3px;\n--wpforms-field-border-style: solid;\n--wpforms-field-border-size: 1px;\n--wpforms-field-background-color: #ffffff;\n--wpforms-field-border-color: rgba( 0, 0, 0, 0.25 );\n--wpforms-field-border-color-spare: rgba( 0, 0, 0, 0.25 );\n--wpforms-field-text-color: rgba( 0, 0, 0, 0.7 );\n--wpforms-field-menu-color: #ffffff;\n--wpforms-label-color: rgba( 0, 0, 0, 0.85 );\n--wpforms-label-sublabel-color: rgba( 0, 0, 0, 0.55 );\n--wpforms-label-error-color: #d63637;\n--wpforms-button-border-radius: 3px;\n--wpforms-button-border-style: none;\n--wpforms-button-border-size: 1px;\n--wpforms-button-background-color: #066aab;\n--wpforms-button-border-color: #066aab;\n--wpforms-button-text-color: #ffffff;\n--wpforms-page-break-color: #066aab;\n--wpforms-background-image: none;\n--wpforms-background-position: center center;\n--wpforms-background-repeat: no-repeat;\n--wpforms-background-size: cover;\n--wpforms-background-width: 100px;\n--wpforms-background-height: 100px;\n--wpforms-background-color: rgba( 0, 0, 0, 0 );\n--wpforms-background-url: none;\n--wpforms-container-padding: 0px;\n--wpforms-container-border-style: none;\n--wpforms-container-border-width: 1px;\n--wpforms-container-border-color: #000000;\n--wpforms-container-border-radius: 3px;\n--wpforms-field-size-input-height: 43px;\n--wpforms-field-size-input-spacing: 15px;\n--wpforms-field-size-font-size: 16px;\n--wpforms-field-size-line-height: 19px;\n--wpforms-field-size-padding-h: 14px;\n--wpforms-field-size-checkbox-size: 16px;\n--wpforms-field-size-sublabel-spacing: 5px;\n--wpforms-field-size-icon-size: 1;\n--wpforms-label-size-font-size: 16px;\n--wpforms-label-size-line-height: 19px;\n--wpforms-label-size-sublabel-font-size: 14px;\n--wpforms-label-size-sublabel-line-height: 17px;\n--wpforms-button-size-font-size: 17px;\n--wpforms-button-size-height: 41px;\n--wpforms-button-size-padding-h: 15px;\n--wpforms-button-size-margin-top: 10px;\n--wpforms-container-shadow-size-box-shadow: none;\n\n\t\t\t\t}\n\t\t\t<\/style><style id=\"wpforms-css-vars-elementor-widget-a60c462\">\n\t\t\t\t.elementor-widget-wpforms.elementor-element-a60c462 {\n\t\t\t\t\t--wpforms-field-border-radius: 4px;\n--wpforms-field-text-color: #130B52;\n--wpforms-field-size-input-height: 43px;\n--wpforms-field-size-input-spacing: 15px;\n--wpforms-field-size-font-size: 16px;\n--wpforms-field-size-line-height: 19px;\n--wpforms-field-size-padding-h: 14px;\n--wpforms-field-size-checkbox-size: 16px;\n--wpforms-field-size-sublabel-spacing: 5px;\n--wpforms-field-size-icon-size: 1;\n--wpforms-label-size-font-size: 16px;\n--wpforms-label-size-line-height: 19px;\n--wpforms-label-size-sublabel-font-size: 14px;\n--wpforms-label-size-sublabel-line-height: 17px;\n--wpforms-button-size-font-size: 17px;\n--wpforms-button-size-height: 41px;\n--wpforms-button-size-padding-h: 15px;\n--wpforms-button-size-margin-top: 10px;\n\n\t\t\t\t}\n\t\t\t<\/style><div class=\"wpforms-container wpforms-container-full wpforms-render-modern\" id=\"wpforms-889\"><form id=\"wpforms-form-889\" class=\"wpforms-validate wpforms-form wpforms-ajax-form\" data-formid=\"889\" method=\"post\" enctype=\"multipart\/form-data\" action=\"\/index.php?rest_route=%2Fwp%2Fv2%2Fpages%2F435\" data-token=\"172fb1a6e00d5d20894d7de29e39d92d\" data-token-time=\"1777497125\"><noscript class=\"wpforms-error-noscript\">Veuillez activer JavaScript dans votre navigateur pour remplir ce formulaire.<\/noscript><div class=\"wpforms-hidden\" id=\"wpforms-error-noscript\">Veuillez activer JavaScript dans votre navigateur pour remplir ce formulaire.<\/div><div class=\"wpforms-field-container\"><div id=\"wpforms-889-field_1-container\" class=\"wpforms-field wpforms-field-name\" data-field-id=\"1\"><fieldset><legend class=\"wpforms-field-label\">Nom <span class=\"wpforms-required-label\" aria-hidden=\"true\">*<\/span><\/legend><div class=\"wpforms-field-row wpforms-field-large\"><div class=\"wpforms-field-row-block wpforms-first wpforms-one-half\"><input type=\"text\" id=\"wpforms-889-field_1\" class=\"wpforms-field-name-first wpforms-field-required\" name=\"wpforms[fields][1][first]\" aria-errormessage=\"wpforms-889-field_1-error\" required><label for=\"wpforms-889-field_1\" class=\"wpforms-field-sublabel after\">Pr\u00e9nom<\/label><\/div><div class=\"wpforms-field-row-block wpforms-one-half\"><input type=\"text\" id=\"wpforms-889-field_1-last\" class=\"wpforms-field-name-last wpforms-field-required\" name=\"wpforms[fields][1][last]\" aria-errormessage=\"wpforms-889-field_1-last-error\" required><label for=\"wpforms-889-field_1-last\" class=\"wpforms-field-sublabel after\">Nom<\/label><\/div><\/div><\/fieldset><\/div><div id=\"wpforms-889-field_2-container\" class=\"wpforms-field wpforms-field-email\" data-field-id=\"2\"><label class=\"wpforms-field-label\" for=\"wpforms-889-field_2\">E-mail <span class=\"wpforms-required-label\" aria-hidden=\"true\">*<\/span><\/label><input type=\"email\" id=\"wpforms-889-field_2\" class=\"wpforms-field-medium wpforms-field-required\" name=\"wpforms[fields][2]\" spellcheck=\"false\" aria-errormessage=\"wpforms-889-field_2-error\" required><\/div><div id=\"wpforms-889-field_4-container\" class=\"wpforms-field wpforms-field-payment-multiple\" data-field-id=\"4\"><fieldset><legend class=\"wpforms-field-label\">OBJET DE VOTRE DEMANDE DE CONTACT (plusieurs choix possibles)<\/legend><ul id=\"wpforms-889-field_4\"><li class=\"choice-1\"><input type=\"radio\" id=\"wpforms-889-field_4_1\" class=\"wpforms-payment-price\" data-amount=\"10.00\" name=\"wpforms[fields][4]\" value=\"1\" aria-errormessage=\"wpforms-889-field_4_1-error\"  ><label class=\"wpforms-field-label-inline\" for=\"wpforms-889-field_4_1\">Je souhaite recevoir la lettre d'info des Survolt\u00e9s<\/label><\/li><li class=\"choice-2\"><input type=\"radio\" id=\"wpforms-889-field_4_2\" class=\"wpforms-payment-price\" data-amount=\"25.00\" name=\"wpforms[fields][4]\" value=\"2\" aria-errormessage=\"wpforms-889-field_4_2-error\"  ><label class=\"wpforms-field-label-inline\" for=\"wpforms-889-field_4_2\">Je souhaite devenir soci\u00e9taire Survolt\u00e9s<\/label><\/li><li class=\"choice-3\"><input type=\"radio\" id=\"wpforms-889-field_4_3\" class=\"wpforms-payment-price\" data-amount=\"50.00\" name=\"wpforms[fields][4]\" value=\"3\" aria-errormessage=\"wpforms-889-field_4_3-error\"  ><label class=\"wpforms-field-label-inline\" for=\"wpforms-889-field_4_3\">Je souhaite m'impliquer dans la coop\u00e9rative<\/label><\/li><li class=\"choice-7\"><input type=\"radio\" id=\"wpforms-889-field_4_7\" class=\"wpforms-payment-price\" data-amount=\"0.00\" name=\"wpforms[fields][4]\" value=\"7\" aria-errormessage=\"wpforms-889-field_4_7-error\"  ><label class=\"wpforms-field-label-inline\" for=\"wpforms-889-field_4_7\">Je souhaite proposer ma candidature au Conseil Coop\u00e9ratif<\/label><\/li><li class=\"choice-4\"><input type=\"radio\" id=\"wpforms-889-field_4_4\" class=\"wpforms-payment-price\" data-amount=\"0.00\" name=\"wpforms[fields][4]\" value=\"4\" aria-errormessage=\"wpforms-889-field_4_4-error\"  ><label class=\"wpforms-field-label-inline\" for=\"wpforms-889-field_4_4\">Je souhaite participer au projet de boucle d'autoconsommation Collective (ACC) de la coop\u00e9rative<\/label><\/li><li class=\"choice-5\"><input type=\"radio\" id=\"wpforms-889-field_4_5\" class=\"wpforms-payment-price\" data-amount=\"0.00\" name=\"wpforms[fields][4]\" value=\"5\" aria-errormessage=\"wpforms-889-field_4_5-error\"  ><label class=\"wpforms-field-label-inline\" for=\"wpforms-889-field_4_5\">Je souhaiterais participer \u00e0 un prochain Groupement d'achat de KIT PV<\/label><\/li><li class=\"choice-6\"><input type=\"radio\" id=\"wpforms-889-field_4_6\" class=\"wpforms-payment-price\" data-amount=\"0.00\" name=\"wpforms[fields][4]\" value=\"6\" aria-errormessage=\"wpforms-889-field_4_6-error\"  ><label class=\"wpforms-field-label-inline\" for=\"wpforms-889-field_4_6\">Je souhaite recevoir un courriel de r\u00e9initialisation de  mon mot de passe COOPHUB<\/label><\/li><li class=\"choice-8\"><input type=\"radio\" id=\"wpforms-889-field_4_8\" class=\"wpforms-payment-price\" data-amount=\"0.00\" name=\"wpforms[fields][4]\" value=\"8\" aria-errormessage=\"wpforms-889-field_4_8-error\"  ><label class=\"wpforms-field-label-inline\" for=\"wpforms-889-field_4_8\">Autres choix<\/label><\/li><\/ul><\/fieldset><\/div><div id=\"wpforms-889-field_3-container\" class=\"wpforms-field wpforms-field-textarea\" data-field-id=\"3\"><label class=\"wpforms-field-label\" for=\"wpforms-889-field_3\">Commentaire ou message<\/label><textarea id=\"wpforms-889-field_3\" class=\"wpforms-field-medium\" name=\"wpforms[fields][3]\" aria-errormessage=\"wpforms-889-field_3-error\" ><\/textarea><\/div><\/div><!-- .wpforms-field-container --><div class=\"wpforms-recaptcha-container wpforms-is-recaptcha wpforms-is-recaptcha-type-v2\" ><div class=\"g-recaptcha\" data-sitekey=\"6Lcwi54qAAAAAIfeEEFM3WztkRMyWfnBAbHgBRzM\"><\/div><input type=\"text\" name=\"g-recaptcha-hidden\" class=\"wpforms-recaptcha-hidden\" style=\"position:absolute!important;clip:rect(0,0,0,0)!important;height:1px!important;width:1px!important;border:0!important;overflow:hidden!important;padding:0!important;margin:0!important;\" data-rule-recaptcha=\"1\"><\/div><div class=\"wpforms-submit-container\" ><input type=\"hidden\" name=\"wpforms[id]\" value=\"889\"><input type=\"hidden\" name=\"page_title\" value=\"\"><input type=\"hidden\" name=\"page_url\" value=\"https:\/\/www.survoltes.com\/index.php?rest_route=%2Fwp%2Fv2%2Fpages%2F435\"><button type=\"submit\" name=\"wpforms[submit]\" id=\"wpforms-submit-889\" class=\"wpforms-submit\" data-alt-text=\"Envoi...\" data-submit-text=\"Envoyer\" aria-live=\"assertive\" value=\"wpforms-submit\">Envoyer<\/button><img decoding=\"async\" src=\"https:\/\/www.survoltes.com\/wp-content\/plugins\/wpforms-lite\/assets\/images\/submit-spin.svg\" class=\"wpforms-submit-spinner\" style=\"display: none;\" width=\"26\" height=\"26\" alt=\"Chargement en cours\"><\/div><\/form><\/div>  <!-- .wpforms-container -->\t\t\t\t<\/div>\n\t\t\t\t<\/div>\n\t\t\t\t\t<\/div>\n\t\t\t\t<\/div>\n\t\t\t\t<\/div>\n\t\t","protected":false},"excerpt":{"rendered":"<p>Contacter la SCIC-SAS La coop\u00e9rative des Survolt\u00e9s Veuillez activer JavaScript dans votre navigateur pour remplir ce formulaire.Veuillez activer JavaScript dans votre navigateur pour remplir ce formulaire. Nom * Pr\u00e9nomNom E-mail *Commentaire ou message Je souhaite Souscrire des parts sociales Survolt\u00e9s M&rsquo;impliquer dans la coop\u00e9rative Vous contacter par t\u00e9l\u00e9phone Envoyer<\/p>\n","protected":false},"author":1,"featured_media":0,"parent":0,"menu_order":0,"comment_status":"closed","ping_status":"closed","template":"","meta":{"ocean_post_layout":"","ocean_both_sidebars_style":"","ocean_both_sidebars_content_width":0,"ocean_both_sidebars_sidebars_width":0,"ocean_sidebar":"","ocean_second_sidebar":"","ocean_disable_margins":"enable","ocean_add_body_class":"","ocean_shortcode_before_top_bar":"","ocean_shortcode_after_top_bar":"","ocean_shortcode_before_header":"","ocean_shortcode_after_header":"","ocean_has_shortcode":"","ocean_shortcode_after_title":"","ocean_shortcode_before_footer_widgets":"","ocean_shortcode_after_footer_widgets":"","ocean_shortcode_before_footer_bottom":"","ocean_shortcode_after_footer_bottom":"","ocean_display_top_bar":"default","ocean_display_header":"default","ocean_header_style":"","ocean_center_header_left_menu":"","ocean_custom_header_template":"","ocean_custom_logo":0,"ocean_custom_retina_logo":0,"ocean_custom_logo_max_width":0,"ocean_custom_logo_tablet_max_width":0,"ocean_custom_logo_mobile_max_width":0,"ocean_custom_logo_max_height":0,"ocean_custom_logo_tablet_max_height":0,"ocean_custom_logo_mobile_max_height":0,"ocean_header_custom_menu":"","ocean_menu_typo_font_family":"","ocean_menu_typo_font_subset":"","ocean_menu_typo_font_size":0,"ocean_menu_typo_font_size_tablet":0,"ocean_menu_typo_font_size_mobile":0,"ocean_menu_typo_font_size_unit":"px","ocean_menu_typo_font_weight":"","ocean_menu_typo_font_weight_tablet":"","ocean_menu_typo_font_weight_mobile":"","ocean_menu_typo_transform":"","ocean_menu_typo_transform_tablet":"","ocean_menu_typo_transform_mobile":"","ocean_menu_typo_line_height":0,"ocean_menu_typo_line_height_tablet":0,"ocean_menu_typo_line_height_mobile":0,"ocean_menu_typo_line_height_unit":"","ocean_menu_typo_spacing":0,"ocean_menu_typo_spacing_tablet":0,"ocean_menu_typo_spacing_mobile":0,"ocean_menu_typo_spacing_unit":"","ocean_menu_link_color":"","ocean_menu_link_color_hover":"","ocean_menu_link_color_active":"","ocean_menu_link_background":"","ocean_menu_link_hover_background":"","ocean_menu_link_active_background":"","ocean_menu_social_links_bg":"","ocean_menu_social_hover_links_bg":"","ocean_menu_social_links_color":"","ocean_menu_social_hover_links_color":"","ocean_disable_title":"default","ocean_disable_heading":"default","ocean_post_title":"","ocean_post_subheading":"","ocean_post_title_style":"","ocean_post_title_background_color":"","ocean_post_title_background":0,"ocean_post_title_bg_image_position":"","ocean_post_title_bg_image_attachment":"","ocean_post_title_bg_image_repeat":"","ocean_post_title_bg_image_size":"","ocean_post_title_height":0,"ocean_post_title_bg_overlay":0.5,"ocean_post_title_bg_overlay_color":"","ocean_disable_breadcrumbs":"default","ocean_breadcrumbs_color":"","ocean_breadcrumbs_separator_color":"","ocean_breadcrumbs_links_color":"","ocean_breadcrumbs_links_hover_color":"","ocean_display_footer_widgets":"default","ocean_display_footer_bottom":"default","ocean_custom_footer_template":"","footnotes":""},"class_list":["post-435","page","type-page","status-publish","hentry","entry"],"_links":{"self":[{"href":"https:\/\/www.survoltes.com\/index.php?rest_route=\/wp\/v2\/pages\/435","targetHints":{"allow":["GET"]}}],"collection":[{"href":"https:\/\/www.survoltes.com\/index.php?rest_route=\/wp\/v2\/pages"}],"about":[{"href":"https:\/\/www.survoltes.com\/index.php?rest_route=\/wp\/v2\/types\/page"}],"author":[{"embeddable":true,"href":"https:\/\/www.survoltes.com\/index.php?rest_route=\/wp\/v2\/users\/1"}],"replies":[{"embeddable":true,"href":"https:\/\/www.survoltes.com\/index.php?rest_route=%2Fwp%2Fv2%2Fcomments&post=435"}],"version-history":[{"count":4,"href":"https:\/\/www.survoltes.com\/index.php?rest_route=\/wp\/v2\/pages\/435\/revisions"}],"predecessor-version":[{"id":894,"href":"https:\/\/www.survoltes.com\/index.php?rest_route=\/wp\/v2\/pages\/435\/revisions\/894"}],"wp:attachment":[{"href":"https:\/\/www.survoltes.com\/index.php?rest_route=%2Fwp%2Fv2%2Fmedia&parent=435"}],"curies":[{"name":"wp","href":"https:\/\/api.w.org\/{rel}","templated":true}]}}