{"id":45,"date":"2024-11-15T16:45:09","date_gmt":"2024-11-15T15:45:09","guid":{"rendered":"https:\/\/www.survoltes.com\/?page_id=45"},"modified":"2024-12-22T11:54:18","modified_gmt":"2024-12-22T10:54:18","slug":"no","status":"publish","type":"page","link":"https:\/\/www.survoltes.com\/?page_id=45","title":{"rendered":"Organisation"},"content":{"rendered":"\t\t<div data-elementor-type=\"wp-page\" data-elementor-id=\"45\" class=\"elementor elementor-45\">\n\t\t\t\t<div class=\"elementor-element elementor-element-bca979c e-flex e-con-boxed e-con e-parent\" data-id=\"bca979c\" data-element_type=\"container\">\n\t\t\t\t\t<div class=\"e-con-inner\">\n\t\t\t\t<div class=\"elementor-element elementor-element-97aa997 elementor-widget elementor-widget-heading\" data-id=\"97aa997\" data-element_type=\"widget\" data-widget_type=\"heading.default\">\n\t\t\t\t<div class=\"elementor-widget-container\">\n\t\t\t\t\t<h2 class=\"elementor-heading-title elementor-size-default\">Organisation<\/h2>\t\t\t\t<\/div>\n\t\t\t\t<\/div>\n\t\t\t\t\t<\/div>\n\t\t\t\t<\/div>\n\t\t<div class=\"elementor-element elementor-element-7244b33 e-flex e-con-boxed e-con e-parent\" data-id=\"7244b33\" data-element_type=\"container\">\n\t\t\t\t\t<div class=\"e-con-inner\">\n\t\t\t\t<div class=\"elementor-element elementor-element-72fca7a elementor-widget elementor-widget-spacer\" data-id=\"72fca7a\" data-element_type=\"widget\" data-widget_type=\"spacer.default\">\n\t\t\t\t<div class=\"elementor-widget-container\">\n\t\t\t\t\t\t\t<div class=\"elementor-spacer\">\n\t\t\t<div class=\"elementor-spacer-inner\"><\/div>\n\t\t<\/div>\n\t\t\t\t\t\t<\/div>\n\t\t\t\t<\/div>\n\t\t\t\t\t<\/div>\n\t\t\t\t<\/div>\n\t\t<div class=\"elementor-element elementor-element-65b19b4 e-flex e-con-boxed e-con e-parent\" data-id=\"65b19b4\" data-element_type=\"container\">\n\t\t\t\t\t<div class=\"e-con-inner\">\n\t\t\t\t<div class=\"elementor-element elementor-element-7c25a9f elementor-widget elementor-widget-heading\" data-id=\"7c25a9f\" data-element_type=\"widget\" data-widget_type=\"heading.default\">\n\t\t\t\t<div class=\"elementor-widget-container\">\n\t\t\t\t\t<h2 class=\"elementor-heading-title elementor-size-default\">Notre gouvernance actuelle<\/h2>\t\t\t\t<\/div>\n\t\t\t\t<\/div>\n\t\t\t\t\t<\/div>\n\t\t\t\t<\/div>\n\t\t<div class=\"elementor-element elementor-element-397c2f1 e-flex e-con-boxed e-con e-parent\" data-id=\"397c2f1\" data-element_type=\"container\">\n\t\t\t\t\t<div class=\"e-con-inner\">\n\t\t\t\t<div class=\"elementor-element elementor-element-d4c5abd elementor-widget elementor-widget-heading\" data-id=\"d4c5abd\" data-element_type=\"widget\" data-widget_type=\"heading.default\">\n\t\t\t\t<div class=\"elementor-widget-container\">\n\t\t\t\t\t<h2 class=\"elementor-heading-title elementor-size-default\">Une direction coll\u00e9giale<\/h2>\t\t\t\t<\/div>\n\t\t\t\t<\/div>\n\t\t\t\t\t<\/div>\n\t\t\t\t<\/div>\n\t\t<div class=\"elementor-element elementor-element-6970af3 e-flex e-con-boxed e-con e-parent\" data-id=\"6970af3\" data-element_type=\"container\">\n\t\t\t\t\t<div class=\"e-con-inner\">\n\t\t<div class=\"elementor-element elementor-element-05abba4 e-con-full e-flex e-con e-child\" data-id=\"05abba4\" data-element_type=\"container\">\n\t\t\t\t<div class=\"elementor-element elementor-element-cdf8ee4 e-transform elementor-widget elementor-widget-image\" data-id=\"cdf8ee4\" data-element_type=\"widget\" data-settings=\"{&quot;_transform_scaleY_effect&quot;:{&quot;unit&quot;:&quot;px&quot;,&quot;size&quot;:0.9,&quot;sizes&quot;:[]},&quot;_transform_scaleX_effect&quot;:{&quot;unit&quot;:&quot;px&quot;,&quot;size&quot;:&quot;&quot;,&quot;sizes&quot;:[]},&quot;_transform_scaleX_effect_tablet&quot;:{&quot;unit&quot;:&quot;px&quot;,&quot;size&quot;:&quot;&quot;,&quot;sizes&quot;:[]},&quot;_transform_scaleX_effect_mobile&quot;:{&quot;unit&quot;:&quot;px&quot;,&quot;size&quot;:&quot;&quot;,&quot;sizes&quot;:[]},&quot;_transform_scaleY_effect_tablet&quot;:{&quot;unit&quot;:&quot;px&quot;,&quot;size&quot;:&quot;&quot;,&quot;sizes&quot;:[]},&quot;_transform_scaleY_effect_mobile&quot;:{&quot;unit&quot;:&quot;px&quot;,&quot;size&quot;:&quot;&quot;,&quot;sizes&quot;:[]}}\" data-widget_type=\"image.default\">\n\t\t\t\t<div class=\"elementor-widget-container\">\n\t\t\t\t\t\t\t\t\t\t\t\t\t\t\t<img fetchpriority=\"high\" decoding=\"async\" width=\"841\" height=\"736\" src=\"https:\/\/www.survoltes.com\/wp-content\/uploads\/2024\/11\/Organisation-Survoltes-2.jpg\" class=\"attachment-large size-large wp-image-521\" alt=\"\" srcset=\"https:\/\/www.survoltes.com\/wp-content\/uploads\/2024\/11\/Organisation-Survoltes-2.jpg 841w, https:\/\/www.survoltes.com\/wp-content\/uploads\/2024\/11\/Organisation-Survoltes-2-300x263.jpg 300w, https:\/\/www.survoltes.com\/wp-content\/uploads\/2024\/11\/Organisation-Survoltes-2-768x672.jpg 768w\" sizes=\"(max-width: 841px) 100vw, 841px\" \/>\t\t\t\t\t\t\t\t\t\t\t\t\t\t\t<\/div>\n\t\t\t\t<\/div>\n\t\t\t\t<\/div>\n\t\t<div class=\"elementor-element elementor-element-81f35bd e-flex e-con-boxed e-con e-child\" data-id=\"81f35bd\" data-element_type=\"container\">\n\t\t\t\t\t<div class=\"e-con-inner\">\n\t\t<div class=\"elementor-element elementor-element-d8238a7 e-con-full e-flex e-con e-child\" data-id=\"d8238a7\" data-element_type=\"container\">\n\t\t\t\t<div class=\"elementor-element elementor-element-188fac5 elementor-widget elementor-widget-text-editor\" data-id=\"188fac5\" data-element_type=\"widget\" data-widget_type=\"text-editor.default\">\n\t\t\t\t<div class=\"elementor-widget-container\">\n\t\t\t\t\t\t\t\t\t<p>La direction de la SCIC est assur\u00e9e de mani\u00e8re coll\u00e9giale par le pr\u00e9sident et les deux directrices de la structure (administrative et technique). Le statut des SCIC ne permettait pas de nommer plusieurs pr\u00e9sidents. Le choix a donc \u00e9t\u00e9 fait de nommer des directeurs qui ont les m\u00eames pr\u00e9rogatives que le pr\u00e9sident. L&rsquo;obligation de prise de d\u00e9cision coll\u00e9giale est pr\u00e9cis\u00e9e dans le r\u00e8glement int\u00e9rieur de la SCIC.<\/p><p>Le pr\u00e9sident et les directeurs engagent la responsabilit\u00e9 de la soci\u00e9t\u00e9. Ils rendent des comptes au conseil coop\u00e9ratif et lors des assembl\u00e9es g\u00e9n\u00e9rales. Ils sont \u00e9lus pour une dur\u00e9e de 3 ans.<\/p>\t\t\t\t\t\t\t\t<\/div>\n\t\t\t\t<\/div>\n\t\t\t\t<\/div>\n\t\t\t\t\t<\/div>\n\t\t\t\t<\/div>\n\t\t\t\t\t<\/div>\n\t\t\t\t<\/div>\n\t\t<div class=\"elementor-element elementor-element-f9b904b e-flex e-con-boxed e-con e-parent\" data-id=\"f9b904b\" data-element_type=\"container\">\n\t\t\t\t\t<div class=\"e-con-inner\">\n\t\t\t\t<div class=\"elementor-element elementor-element-d754f05 elementor-widget elementor-widget-text-editor\" data-id=\"d754f05\" data-element_type=\"widget\" data-widget_type=\"text-editor.default\">\n\t\t\t\t<div class=\"elementor-widget-container\">\n\t\t\t\t\t\t\t\t\t<h3><strong><span class=\"intertitre2\">Bureau,<\/span><span class=\"intertitre2\"> commissions et groupes projet<\/span><\/strong><\/h3><p>Le bureau est constitu\u00e9 du pr\u00e9sident (de la pr\u00e9sidente) et des deux directeur(rice)s. Cet organe op\u00e9rationnel de la coop\u00e9rative se r\u00e9unit chaque mardi de 18h30 \u00e0 20h au caf\u00e9 des Possibles \u00e0 Guipel avec les diff\u00e9rents membres des commissions ainsi que des r\u00e9f\u00e9rents de chaque projet en cours de d\u00e9veloppement. A ce jour (D\u00e9but 2025) il y a une commission \u00ab Technique \u00bb (pour l&rsquo;\u00e9tude de faisabilit\u00e9 des projets photovolta\u00efques), une commission \u00e9olien, une commission \u00ab Communication \u00bb ainsi qu&rsquo;une commission \u00ab Finance et comptabilit\u00e9 \u00bb.<\/p><p>Chaque soci\u00e9taire de la coop\u00e9rative peut se manifester pour faire partie des commissions et\/ou apporter ses comp\u00e9tences, son temps et sa bonne humeur en s&rsquo;engageant dans le suivi d&rsquo;un projet coop\u00e9ratif de son choix.<\/p><h2 style=\"text-align: center;\"><a href=\"https:\/\/www.survoltes.com\/?page_id=435\" target=\"_blank\" rel=\"noopener\"><strong>Nous rejoindre<\/strong><\/a><\/h2><h3><strong><span class=\"intertitre2\">Le conseil coop\u00e9ratif (conseil d&rsquo;administration)<\/span><\/strong><\/h3><p>Le conseil coop\u00e9ratif est constitu\u00e9 du bureau ainsi que d&rsquo;au moins un membre de chaque coll\u00e8ge. Ses membres sont \u00e9lus en Assembl\u00e9e g\u00e9n\u00e9rale pour 3 ans. Selon nos statuts, entre 6 et 18 personnes peuvent faire partie du conseil coop\u00e9ratif. Le conseil est renouvelable par tiers tous les 3 ans.<\/p><p>Le conseil coop\u00e9ratif se r\u00e9unit au moins 4 fois par an (en pratique en 2024, tous les trimestres).<\/p><p>Les prises de d\u00e9cision du conseil coop\u00e9ratif, par consentement, sont adopt\u00e9es lorsqu\u2019une proposition ne rencontre plus aucune objection.<\/p><h3><span class=\"intertitre2\">L&rsquo;assembl\u00e9e g\u00e9n\u00e9rale<\/span><\/h3><p>Tous les soci\u00e9taires de la SCIC sont r\u00e9unis au moins une fois par an en assembl\u00e9e g\u00e9n\u00e9rale ordinaire. Les d\u00e9cisions sont prises en fonction des votes des 4 coll\u00e8ges de soci\u00e9taires\u00a0:<\/p><ul><li>Coll\u00e8ge A : les producteurs de biens et services = les b\u00e9n\u00e9voles actifs et les salari\u00e9s de la coop\u00e9rative,<\/li><li>Coll\u00e8ge B : les b\u00e9n\u00e9ficiaires = les soci\u00e9taires citoyens<\/li><li>Coll\u00e8ge C\u00a0: les collectivit\u00e9s locales,<\/li><li>Coll\u00e8ge D : les autres acteurs financiers du territoire.<\/li><\/ul>\t\t\t\t\t\t\t\t<\/div>\n\t\t\t\t<\/div>\n\t\t\t\t\t<\/div>\n\t\t\t\t<\/div>\n\t\t\t\t<\/div>\n\t\t","protected":false},"excerpt":{"rendered":"<p>Organisation Notre gouvernance actuelle Une direction coll\u00e9giale La direction de la SCIC est assur\u00e9e de mani\u00e8re coll\u00e9giale par le pr\u00e9sident et les deux directrices de la structure (administrative et technique). Le statut des SCIC ne permettait pas de nommer plusieurs pr\u00e9sidents. Le choix a donc \u00e9t\u00e9 fait de nommer des directeurs qui ont les m\u00eames [&hellip;]<\/p>\n","protected":false},"author":1,"featured_media":0,"parent":0,"menu_order":0,"comment_status":"closed","ping_status":"closed","template":"","meta":{"ocean_post_layout":"","ocean_both_sidebars_style":"","ocean_both_sidebars_content_width":0,"ocean_both_sidebars_sidebars_width":0,"ocean_sidebar":"","ocean_second_sidebar":"","ocean_disable_margins":"enable","ocean_add_body_class":"","ocean_shortcode_before_top_bar":"","ocean_shortcode_after_top_bar":"","ocean_shortcode_before_header":"","ocean_shortcode_after_header":"","ocean_has_shortcode":"","ocean_shortcode_after_title":"","ocean_shortcode_before_footer_widgets":"","ocean_shortcode_after_footer_widgets":"","ocean_shortcode_before_footer_bottom":"","ocean_shortcode_after_footer_bottom":"","ocean_display_top_bar":"default","ocean_display_header":"default","ocean_header_style":"","ocean_center_header_left_menu":"","ocean_custom_header_template":"","ocean_custom_logo":0,"ocean_custom_retina_logo":0,"ocean_custom_logo_max_width":0,"ocean_custom_logo_tablet_max_width":0,"ocean_custom_logo_mobile_max_width":0,"ocean_custom_logo_max_height":0,"ocean_custom_logo_tablet_max_height":0,"ocean_custom_logo_mobile_max_height":0,"ocean_header_custom_menu":"","ocean_menu_typo_font_family":"","ocean_menu_typo_font_subset":"","ocean_menu_typo_font_size":0,"ocean_menu_typo_font_size_tablet":0,"ocean_menu_typo_font_size_mobile":0,"ocean_menu_typo_font_size_unit":"px","ocean_menu_typo_font_weight":"","ocean_menu_typo_font_weight_tablet":"","ocean_menu_typo_font_weight_mobile":"","ocean_menu_typo_transform":"","ocean_menu_typo_transform_tablet":"","ocean_menu_typo_transform_mobile":"","ocean_menu_typo_line_height":0,"ocean_menu_typo_line_height_tablet":0,"ocean_menu_typo_line_height_mobile":0,"ocean_menu_typo_line_height_unit":"","ocean_menu_typo_spacing":0,"ocean_menu_typo_spacing_tablet":0,"ocean_menu_typo_spacing_mobile":0,"ocean_menu_typo_spacing_unit":"","ocean_menu_link_color":"","ocean_menu_link_color_hover":"","ocean_menu_link_color_active":"","ocean_menu_link_background":"","ocean_menu_link_hover_background":"","ocean_menu_link_active_background":"","ocean_menu_social_links_bg":"","ocean_menu_social_hover_links_bg":"","ocean_menu_social_links_color":"","ocean_menu_social_hover_links_color":"","ocean_disable_title":"default","ocean_disable_heading":"default","ocean_post_title":"","ocean_post_subheading":"","ocean_post_title_style":"","ocean_post_title_background_color":"","ocean_post_title_background":0,"ocean_post_title_bg_image_position":"","ocean_post_title_bg_image_attachment":"","ocean_post_title_bg_image_repeat":"","ocean_post_title_bg_image_size":"","ocean_post_title_height":0,"ocean_post_title_bg_overlay":0.5,"ocean_post_title_bg_overlay_color":"","ocean_disable_breadcrumbs":"default","ocean_breadcrumbs_color":"","ocean_breadcrumbs_separator_color":"","ocean_breadcrumbs_links_color":"","ocean_breadcrumbs_links_hover_color":"","ocean_display_footer_widgets":"default","ocean_display_footer_bottom":"default","ocean_custom_footer_template":"","footnotes":""},"class_list":["post-45","page","type-page","status-publish","hentry","entry"],"_links":{"self":[{"href":"https:\/\/www.survoltes.com\/index.php?rest_route=\/wp\/v2\/pages\/45","targetHints":{"allow":["GET"]}}],"collection":[{"href":"https:\/\/www.survoltes.com\/index.php?rest_route=\/wp\/v2\/pages"}],"about":[{"href":"https:\/\/www.survoltes.com\/index.php?rest_route=\/wp\/v2\/types\/page"}],"author":[{"embeddable":true,"href":"https:\/\/www.survoltes.com\/index.php?rest_route=\/wp\/v2\/users\/1"}],"replies":[{"embeddable":true,"href":"https:\/\/www.survoltes.com\/index.php?rest_route=%2Fwp%2Fv2%2Fcomments&post=45"}],"version-history":[{"count":35,"href":"https:\/\/www.survoltes.com\/index.php?rest_route=\/wp\/v2\/pages\/45\/revisions"}],"predecessor-version":[{"id":1516,"href":"https:\/\/www.survoltes.com\/index.php?rest_route=\/wp\/v2\/pages\/45\/revisions\/1516"}],"wp:attachment":[{"href":"https:\/\/www.survoltes.com\/index.php?rest_route=%2Fwp%2Fv2%2Fmedia&parent=45"}],"curies":[{"name":"wp","href":"https:\/\/api.w.org\/{rel}","templated":true}]}}