{"id":764,"date":"2024-11-24T11:29:29","date_gmt":"2024-11-24T10:29:29","guid":{"rendered":"https:\/\/www.survoltes.com\/?page_id=764"},"modified":"2024-11-29T16:54:10","modified_gmt":"2024-11-29T15:54:10","slug":"cine-debat-reunions-publiques-ateliers","status":"publish","type":"page","link":"https:\/\/www.survoltes.com\/?page_id=764","title":{"rendered":"Cin\u00e9-d\u00e9bat, r\u00e9unions publiques, ateliers"},"content":{"rendered":"\t\t<div data-elementor-type=\"wp-page\" data-elementor-id=\"764\" class=\"elementor elementor-764\">\n\t\t\t\t<div class=\"elementor-element elementor-element-210b1643 e-flex e-con-boxed e-con e-parent\" data-id=\"210b1643\" data-element_type=\"container\">\n\t\t\t\t\t<div class=\"e-con-inner\">\n\t\t\t\t<div class=\"elementor-element elementor-element-5023b61f elementor-widget elementor-widget-heading\" data-id=\"5023b61f\" data-element_type=\"widget\" data-widget_type=\"heading.default\">\n\t\t\t\t<div class=\"elementor-widget-container\">\n\t\t\t\t\t<h2 class=\"elementor-heading-title elementor-size-default\">Communication<\/h2>\t\t\t\t<\/div>\n\t\t\t\t<\/div>\n\t\t\t\t\t<\/div>\n\t\t\t\t<\/div>\n\t\t<div class=\"elementor-element elementor-element-68563181 e-flex e-con-boxed e-con e-parent\" data-id=\"68563181\" data-element_type=\"container\">\n\t\t\t\t\t<div class=\"e-con-inner\">\n\t\t\t\t\t<\/div>\n\t\t\t\t<\/div>\n\t\t<div class=\"elementor-element elementor-element-4d08c1f e-flex e-con-boxed e-con e-parent\" data-id=\"4d08c1f\" data-element_type=\"container\">\n\t\t\t\t\t<div class=\"e-con-inner\">\n\t\t\t\t<div class=\"elementor-element elementor-element-2daad5c elementor-widget elementor-widget-heading\" data-id=\"2daad5c\" data-element_type=\"widget\" data-widget_type=\"heading.default\">\n\t\t\t\t<div class=\"elementor-widget-container\">\n\t\t\t\t\t<h2 class=\"elementor-heading-title elementor-size-default\">R\u00e9unions publiques<\/h2>\t\t\t\t<\/div>\n\t\t\t\t<\/div>\n\t\t\t\t\t<\/div>\n\t\t\t\t<\/div>\n\t\t<div class=\"elementor-element elementor-element-52b88341 e-flex e-con-boxed e-con e-parent\" data-id=\"52b88341\" data-element_type=\"container\">\n\t\t\t\t\t<div class=\"e-con-inner\">\n\t\t<div class=\"elementor-element elementor-element-78a20c2c e-con-full e-flex e-con e-child\" data-id=\"78a20c2c\" data-element_type=\"container\">\n\t\t\t\t<div class=\"elementor-element elementor-element-4f7b06a7 e-transform elementor-widget elementor-widget-image\" data-id=\"4f7b06a7\" data-element_type=\"widget\" data-settings=\"{&quot;_transform_scaleX_effect&quot;:{&quot;unit&quot;:&quot;px&quot;,&quot;size&quot;:1.1,&quot;sizes&quot;:[]},&quot;_transform_scaleY_effect&quot;:{&quot;unit&quot;:&quot;px&quot;,&quot;size&quot;:1.25,&quot;sizes&quot;:[]},&quot;_transform_scaleX_effect_tablet&quot;:{&quot;unit&quot;:&quot;px&quot;,&quot;size&quot;:&quot;&quot;,&quot;sizes&quot;:[]},&quot;_transform_scaleX_effect_mobile&quot;:{&quot;unit&quot;:&quot;px&quot;,&quot;size&quot;:&quot;&quot;,&quot;sizes&quot;:[]},&quot;_transform_scaleY_effect_tablet&quot;:{&quot;unit&quot;:&quot;px&quot;,&quot;size&quot;:&quot;&quot;,&quot;sizes&quot;:[]},&quot;_transform_scaleY_effect_mobile&quot;:{&quot;unit&quot;:&quot;px&quot;,&quot;size&quot;:&quot;&quot;,&quot;sizes&quot;:[]}}\" data-widget_type=\"image.default\">\n\t\t\t\t<div class=\"elementor-widget-container\">\n\t\t\t\t\t\t\t\t\t\t\t\t\t\t\t<img fetchpriority=\"high\" decoding=\"async\" width=\"439\" height=\"439\" src=\"https:\/\/www.survoltes.com\/wp-content\/uploads\/2024\/11\/Reunions-P.jpg\" class=\"attachment-large size-large wp-image-856\" alt=\"\" srcset=\"https:\/\/www.survoltes.com\/wp-content\/uploads\/2024\/11\/Reunions-P.jpg 439w, https:\/\/www.survoltes.com\/wp-content\/uploads\/2024\/11\/Reunions-P-300x300.jpg 300w, https:\/\/www.survoltes.com\/wp-content\/uploads\/2024\/11\/Reunions-P-150x150.jpg 150w\" sizes=\"(max-width: 439px) 100vw, 439px\" \/>\t\t\t\t\t\t\t\t\t\t\t\t\t\t\t<\/div>\n\t\t\t\t<\/div>\n\t\t\t\t<\/div>\n\t\t<div class=\"elementor-element elementor-element-3ab02dc6 e-flex e-con-boxed e-con e-child\" data-id=\"3ab02dc6\" data-element_type=\"container\">\n\t\t\t\t\t<div class=\"e-con-inner\">\n\t\t<div class=\"elementor-element elementor-element-166beb13 e-con-full e-flex e-con e-child\" data-id=\"166beb13\" data-element_type=\"container\">\n\t\t\t\t<div class=\"elementor-element elementor-element-6ea8bc51 elementor-widget elementor-widget-text-editor\" data-id=\"6ea8bc51\" data-element_type=\"widget\" data-widget_type=\"text-editor.default\">\n\t\t\t\t<div class=\"elementor-widget-container\">\n\t\t\t\t\t\t\t\t\t<p style=\"text-align: center;\"><strong>Mobiliser les citoyens sur les projets en d\u00e9veloppement. Sensibiliser \u00e0 nos consommations \u00e9nerg\u00e9tiques<\/strong><\/p><p>La coop\u00e9rative organise et\/ou participe \u00e0 des r\u00e9unions publiques en partenariat avec les communaut\u00e9s de communes (<a href=\"https:\/\/bretagneromantique.fr\" target=\"_blank\" rel=\"noopener\">Bretagne Romantique<\/a> et <a href=\"https:\/\/www.valdille-aubigne.fr\" target=\"_blank\" rel=\"noopener\">Val d&rsquo;Ille Aubign\u00e9<\/a>), les communes et tous les acteurs du r\u00e9seau EnR citoyennes du territoire (<a href=\"https:\/\/reseau-taranis.fr\" target=\"_blank\" rel=\"noopener\">Taranis<\/a>, <a href=\"https:\/\/www.alec-rennes.org\" target=\"_blank\" rel=\"noopener\">ALEC<\/a>, &#8230;)<\/p>\t\t\t\t\t\t\t\t<\/div>\n\t\t\t\t<\/div>\n\t\t\t\t<div class=\"elementor-element elementor-element-921c611 e-transform elementor-widget elementor-widget-image\" data-id=\"921c611\" data-element_type=\"widget\" data-settings=\"{&quot;_transform_scaleX_effect&quot;:{&quot;unit&quot;:&quot;px&quot;,&quot;size&quot;:1,&quot;sizes&quot;:[]},&quot;_transform_scaleY_effect&quot;:{&quot;unit&quot;:&quot;px&quot;,&quot;size&quot;:1,&quot;sizes&quot;:[]},&quot;_transform_scaleX_effect_tablet&quot;:{&quot;unit&quot;:&quot;px&quot;,&quot;size&quot;:&quot;&quot;,&quot;sizes&quot;:[]},&quot;_transform_scaleX_effect_mobile&quot;:{&quot;unit&quot;:&quot;px&quot;,&quot;size&quot;:&quot;&quot;,&quot;sizes&quot;:[]},&quot;_transform_scaleY_effect_tablet&quot;:{&quot;unit&quot;:&quot;px&quot;,&quot;size&quot;:&quot;&quot;,&quot;sizes&quot;:[]},&quot;_transform_scaleY_effect_mobile&quot;:{&quot;unit&quot;:&quot;px&quot;,&quot;size&quot;:&quot;&quot;,&quot;sizes&quot;:[]}}\" data-widget_type=\"image.default\">\n\t\t\t\t<div class=\"elementor-widget-container\">\n\t\t\t\t\t\t\t\t\t\t\t\t\t\t\t<img decoding=\"async\" width=\"600\" height=\"278\" src=\"https:\/\/www.survoltes.com\/wp-content\/uploads\/2024\/11\/Survoltes-reunion-publique-Combourg-e1732629008137.jpg\" class=\"attachment-large size-large wp-image-881\" alt=\"\" srcset=\"https:\/\/www.survoltes.com\/wp-content\/uploads\/2024\/11\/Survoltes-reunion-publique-Combourg-e1732629008137.jpg 600w, https:\/\/www.survoltes.com\/wp-content\/uploads\/2024\/11\/Survoltes-reunion-publique-Combourg-e1732629008137-300x139.jpg 300w\" sizes=\"(max-width: 600px) 100vw, 600px\" \/>\t\t\t\t\t\t\t\t\t\t\t\t\t\t\t<\/div>\n\t\t\t\t<\/div>\n\t\t\t\t<\/div>\n\t\t\t\t\t<\/div>\n\t\t\t\t<\/div>\n\t\t\t\t\t<\/div>\n\t\t\t\t<\/div>\n\t\t<div class=\"elementor-element elementor-element-12b3eff e-flex e-con-boxed e-con e-parent\" data-id=\"12b3eff\" data-element_type=\"container\">\n\t\t\t\t\t<div class=\"e-con-inner\">\n\t\t\t\t<div class=\"elementor-element elementor-element-4c93fbc elementor-widget elementor-widget-spacer\" data-id=\"4c93fbc\" data-element_type=\"widget\" data-widget_type=\"spacer.default\">\n\t\t\t\t<div class=\"elementor-widget-container\">\n\t\t\t\t\t\t\t<div class=\"elementor-spacer\">\n\t\t\t<div class=\"elementor-spacer-inner\"><\/div>\n\t\t<\/div>\n\t\t\t\t\t\t<\/div>\n\t\t\t\t<\/div>\n\t\t\t\t<div class=\"elementor-element elementor-element-93058a1 elementor-widget elementor-widget-heading\" data-id=\"93058a1\" data-element_type=\"widget\" data-widget_type=\"heading.default\">\n\t\t\t\t<div class=\"elementor-widget-container\">\n\t\t\t\t\t<h2 class=\"elementor-heading-title elementor-size-default\">Cin\u00e9-d\u00e9bats<\/h2>\t\t\t\t<\/div>\n\t\t\t\t<\/div>\n\t\t\t\t\t<\/div>\n\t\t\t\t<\/div>\n\t\t<div class=\"elementor-element elementor-element-2a4c6f1 e-flex e-con-boxed e-con e-parent\" data-id=\"2a4c6f1\" data-element_type=\"container\">\n\t\t\t\t\t<div class=\"e-con-inner\">\n\t\t<div class=\"elementor-element elementor-element-8215f7b e-con-full e-flex e-con e-child\" data-id=\"8215f7b\" data-element_type=\"container\">\n\t\t<div class=\"elementor-element elementor-element-00d4e21 e-con-full e-flex e-con e-child\" data-id=\"00d4e21\" data-element_type=\"container\">\n\t\t\t\t<div class=\"elementor-element elementor-element-9dc6c9c e-transform elementor-widget elementor-widget-image\" data-id=\"9dc6c9c\" data-element_type=\"widget\" data-settings=\"{&quot;_transform_scaleX_effect&quot;:{&quot;unit&quot;:&quot;px&quot;,&quot;size&quot;:2,&quot;sizes&quot;:[]},&quot;_transform_scaleX_effect_tablet&quot;:{&quot;unit&quot;:&quot;px&quot;,&quot;size&quot;:&quot;&quot;,&quot;sizes&quot;:[]},&quot;_transform_scaleX_effect_mobile&quot;:{&quot;unit&quot;:&quot;px&quot;,&quot;size&quot;:&quot;&quot;,&quot;sizes&quot;:[]},&quot;_transform_scaleY_effect&quot;:{&quot;unit&quot;:&quot;px&quot;,&quot;size&quot;:&quot;&quot;,&quot;sizes&quot;:[]},&quot;_transform_scaleY_effect_tablet&quot;:{&quot;unit&quot;:&quot;px&quot;,&quot;size&quot;:&quot;&quot;,&quot;sizes&quot;:[]},&quot;_transform_scaleY_effect_mobile&quot;:{&quot;unit&quot;:&quot;px&quot;,&quot;size&quot;:&quot;&quot;,&quot;sizes&quot;:[]}}\" data-widget_type=\"image.default\">\n\t\t\t\t<div class=\"elementor-widget-container\">\n\t\t\t\t\t\t\t\t\t\t\t\t\t\t\t<img decoding=\"async\" width=\"493\" height=\"212\" src=\"https:\/\/www.survoltes.com\/wp-content\/uploads\/2024\/11\/Logo-siser-EP.jpg\" class=\"attachment-large size-large wp-image-1090\" alt=\"\" srcset=\"https:\/\/www.survoltes.com\/wp-content\/uploads\/2024\/11\/Logo-siser-EP.jpg 493w, https:\/\/www.survoltes.com\/wp-content\/uploads\/2024\/11\/Logo-siser-EP-300x129.jpg 300w\" sizes=\"(max-width: 493px) 100vw, 493px\" \/>\t\t\t\t\t\t\t\t\t\t\t\t\t\t\t<\/div>\n\t\t\t\t<\/div>\n\t\t\t\t<div class=\"elementor-element elementor-element-7828cff elementor-widget__width-initial elementor-widget elementor-widget-text-editor\" data-id=\"7828cff\" data-element_type=\"widget\" data-widget_type=\"text-editor.default\">\n\t\t\t\t<div class=\"elementor-widget-container\">\n\t\t\t\t\t\t\t\t\t<ul><li><strong>Projection du film \u00ab\u00a0Apr\u00e8s demain\u00a0\u00bb<\/strong> \u00e0 Combourg le 28 septembre 2019. Organisation en partenariat avec les associations <a href=\"https:\/\/galleco.fr\" target=\"_blank\" rel=\"noopener\">Gall\u00e9co<\/a>, <a href=\"https:\/\/www.facebook.com\/lesptitsbregeons\/\" target=\"_blank\" rel=\"noopener\">les Petits Br\u00e9geons<\/a>, <a href=\"https:\/\/www.ucdp.bzh\" target=\"_blank\" rel=\"noopener\">la SCIC Un caf\u00e9 des Possibles<\/a> et <a href=\"https:\/\/energie-partagee.org\" target=\"_blank\" rel=\"noopener\">Energie Partag\u00e9e<\/a>.<\/li><li><strong>Projection du film \u00ab\u00a0We the Power\u00a0\u00bb<\/strong> \u00e0 Combourg le 13 juin 2023. Organisation en partenariat avec la <a href=\"https:\/\/bretagneromantique.fr\" target=\"_blank\" rel=\"noopener\">communaut\u00e9 de communes Bretagne romantique<\/a> et <a href=\"https:\/\/energie-partagee.org\" target=\"_blank\" rel=\"noopener\">Energie Partag\u00e9e<\/a>.<\/li><\/ul>\t\t\t\t\t\t\t\t<\/div>\n\t\t\t\t<\/div>\n\t\t\t\t<\/div>\n\t\t\t\t<\/div>\n\t\t\t\t<div class=\"elementor-element elementor-element-8a2dfce elementor-widget__width-initial e-transform elementor-widget elementor-widget-image\" data-id=\"8a2dfce\" data-element_type=\"widget\" data-settings=\"{&quot;_transform_scale_effect&quot;:{&quot;unit&quot;:&quot;px&quot;,&quot;size&quot;:0.9,&quot;sizes&quot;:[]},&quot;_transform_scale_effect_tablet&quot;:{&quot;unit&quot;:&quot;px&quot;,&quot;size&quot;:&quot;&quot;,&quot;sizes&quot;:[]},&quot;_transform_scale_effect_mobile&quot;:{&quot;unit&quot;:&quot;px&quot;,&quot;size&quot;:&quot;&quot;,&quot;sizes&quot;:[]}}\" data-widget_type=\"image.default\">\n\t\t\t\t<div class=\"elementor-widget-container\">\n\t\t\t\t\t\t\t\t\t\t\t\t\t\t\t<img loading=\"lazy\" decoding=\"async\" width=\"753\" height=\"559\" src=\"https:\/\/www.survoltes.com\/wp-content\/uploads\/2024\/11\/Cine.jpg\" class=\"attachment-large size-large wp-image-857\" alt=\"\" srcset=\"https:\/\/www.survoltes.com\/wp-content\/uploads\/2024\/11\/Cine.jpg 753w, https:\/\/www.survoltes.com\/wp-content\/uploads\/2024\/11\/Cine-300x223.jpg 300w\" sizes=\"(max-width: 753px) 100vw, 753px\" \/>\t\t\t\t\t\t\t\t\t\t\t\t\t\t\t<\/div>\n\t\t\t\t<\/div>\n\t\t\t\t\t<\/div>\n\t\t\t\t<\/div>\n\t\t<div class=\"elementor-element elementor-element-d8896d5 e-transform e-flex e-con-boxed e-con e-parent\" data-id=\"d8896d5\" data-element_type=\"container\" data-settings=\"{&quot;_transform_scale_effect&quot;:{&quot;unit&quot;:&quot;px&quot;,&quot;size&quot;:&quot;&quot;,&quot;sizes&quot;:[]},&quot;_transform_scale_effect_tablet&quot;:{&quot;unit&quot;:&quot;px&quot;,&quot;size&quot;:&quot;&quot;,&quot;sizes&quot;:[]},&quot;_transform_scale_effect_mobile&quot;:{&quot;unit&quot;:&quot;px&quot;,&quot;size&quot;:&quot;&quot;,&quot;sizes&quot;:[]}}\">\n\t\t\t\t\t<div class=\"e-con-inner\">\n\t\t\t\t<div class=\"elementor-element elementor-element-64491fc elementor-widget elementor-widget-video\" data-id=\"64491fc\" data-element_type=\"widget\" data-settings=\"{&quot;video_type&quot;:&quot;vimeo&quot;}\" data-widget_type=\"video.default\">\n\t\t\t\t<div class=\"elementor-widget-container\">\n\t\t\t\t\t\t\t<div class=\"elementor-wrapper elementor-open-inline\">\n\t\t\t<iframe class=\"elementor-video-iframe\" allowfullscreen allow=\"clipboard-write\" title=\"Lecteur vid\u00e9o vimeo\" src=\"https:\/\/player.vimeo.com\/video\/368525480?color&amp;autopause=0&amp;loop=0&amp;muted=0&amp;title=1&amp;portrait=1&amp;byline=1#t=\"><\/iframe>\t\t<\/div>\n\t\t\t\t\t\t<\/div>\n\t\t\t\t<\/div>\n\t\t\t\t\t<\/div>\n\t\t\t\t<\/div>\n\t\t<div class=\"elementor-element elementor-element-fe40ae7 e-flex e-con-boxed e-con e-parent\" data-id=\"fe40ae7\" data-element_type=\"container\">\n\t\t\t\t\t<div class=\"e-con-inner\">\n\t\t\t\t\t<\/div>\n\t\t\t\t<\/div>\n\t\t<div class=\"elementor-element elementor-element-5c08d55 e-flex e-con-boxed e-con e-parent\" data-id=\"5c08d55\" data-element_type=\"container\">\n\t\t\t\t\t<div class=\"e-con-inner\">\n\t\t\t\t<div class=\"elementor-element elementor-element-0d2bda5 elementor-widget elementor-widget-heading\" data-id=\"0d2bda5\" data-element_type=\"widget\" data-widget_type=\"heading.default\">\n\t\t\t\t<div class=\"elementor-widget-container\">\n\t\t\t\t\t<h2 class=\"elementor-heading-title elementor-size-default\">Ateliers<\/h2>\t\t\t\t<\/div>\n\t\t\t\t<\/div>\n\t\t\t\t\t<\/div>\n\t\t\t\t<\/div>\n\t\t<div class=\"elementor-element elementor-element-78dc8d6 e-flex e-con-boxed e-con e-parent\" data-id=\"78dc8d6\" data-element_type=\"container\">\n\t\t\t\t\t<div class=\"e-con-inner\">\n\t\t<div class=\"elementor-element elementor-element-869c7c6 e-con-full e-flex e-con e-child\" data-id=\"869c7c6\" data-element_type=\"container\">\n\t\t\t\t<div class=\"elementor-element elementor-element-55c8a75 elementor-widget__width-initial e-transform elementor-widget elementor-widget-image\" data-id=\"55c8a75\" data-element_type=\"widget\" data-settings=\"{&quot;_transform_scale_effect&quot;:{&quot;unit&quot;:&quot;px&quot;,&quot;size&quot;:1.2,&quot;sizes&quot;:[]},&quot;_transform_scale_effect_tablet&quot;:{&quot;unit&quot;:&quot;px&quot;,&quot;size&quot;:&quot;&quot;,&quot;sizes&quot;:[]},&quot;_transform_scale_effect_mobile&quot;:{&quot;unit&quot;:&quot;px&quot;,&quot;size&quot;:&quot;&quot;,&quot;sizes&quot;:[]}}\" data-widget_type=\"image.default\">\n\t\t\t\t<div class=\"elementor-widget-container\">\n\t\t\t\t\t\t\t\t\t\t\t\t\t\t\t<img loading=\"lazy\" decoding=\"async\" width=\"573\" height=\"399\" src=\"https:\/\/www.survoltes.com\/wp-content\/uploads\/2024\/11\/Atelier.jpg\" class=\"attachment-large size-large wp-image-858\" alt=\"\" srcset=\"https:\/\/www.survoltes.com\/wp-content\/uploads\/2024\/11\/Atelier.jpg 573w, https:\/\/www.survoltes.com\/wp-content\/uploads\/2024\/11\/Atelier-300x209.jpg 300w\" sizes=\"(max-width: 573px) 100vw, 573px\" \/>\t\t\t\t\t\t\t\t\t\t\t\t\t\t\t<\/div>\n\t\t\t\t<\/div>\n\t\t\t\t<\/div>\n\t\t\t\t<div class=\"elementor-element elementor-element-df38e10 elementor-widget__width-initial elementor-widget elementor-widget-image\" data-id=\"df38e10\" data-element_type=\"widget\" data-widget_type=\"image.default\">\n\t\t\t\t<div class=\"elementor-widget-container\">\n\t\t\t\t\t\t\t\t\t\t\t\t\t\t\t<img loading=\"lazy\" decoding=\"async\" width=\"367\" height=\"519\" src=\"https:\/\/www.survoltes.com\/wp-content\/uploads\/2024\/11\/Sensibilisation1.jpg\" class=\"attachment-large size-large wp-image-862\" alt=\"\" srcset=\"https:\/\/www.survoltes.com\/wp-content\/uploads\/2024\/11\/Sensibilisation1.jpg 367w, https:\/\/www.survoltes.com\/wp-content\/uploads\/2024\/11\/Sensibilisation1-212x300.jpg 212w\" sizes=\"(max-width: 367px) 100vw, 367px\" \/>\t\t\t\t\t\t\t\t\t\t\t\t\t\t\t<\/div>\n\t\t\t\t<\/div>\n\t\t<div class=\"elementor-element elementor-element-eba4e47 e-con-full e-flex e-con e-child\" data-id=\"eba4e47\" data-element_type=\"container\">\n\t\t<div class=\"elementor-element elementor-element-7887b58 e-con-full e-flex e-con e-child\" data-id=\"7887b58\" data-element_type=\"container\">\n\t\t\t\t<div class=\"elementor-element elementor-element-2fd68d7 e-transform elementor-widget elementor-widget-text-editor\" data-id=\"2fd68d7\" data-element_type=\"widget\" data-settings=\"{&quot;_transform_scale_effect&quot;:{&quot;unit&quot;:&quot;px&quot;,&quot;size&quot;:0,&quot;sizes&quot;:[]},&quot;_transform_scale_effect_tablet&quot;:{&quot;unit&quot;:&quot;px&quot;,&quot;size&quot;:&quot;&quot;,&quot;sizes&quot;:[]},&quot;_transform_scale_effect_mobile&quot;:{&quot;unit&quot;:&quot;px&quot;,&quot;size&quot;:&quot;&quot;,&quot;sizes&quot;:[]}}\" data-widget_type=\"text-editor.default\">\n\t\t\t\t<div class=\"elementor-widget-container\">\n\t\t\t\t\t\t\t\t\t<p><strong>Texte ateliers<\/strong><\/p>\t\t\t\t\t\t\t\t<\/div>\n\t\t\t\t<\/div>\n\t\t\t\t<\/div>\n\t\t\t\t<\/div>\n\t\t\t\t<div class=\"elementor-element elementor-element-a600935 elementor-widget__width-initial elementor-widget elementor-widget-image\" data-id=\"a600935\" data-element_type=\"widget\" data-widget_type=\"image.default\">\n\t\t\t\t<div class=\"elementor-widget-container\">\n\t\t\t\t\t\t\t\t\t\t\t\t\t\t\t<img loading=\"lazy\" decoding=\"async\" width=\"371\" height=\"214\" src=\"https:\/\/www.survoltes.com\/wp-content\/uploads\/2024\/11\/Sensibilisation2.jpg\" class=\"attachment-large size-large wp-image-863\" alt=\"\" srcset=\"https:\/\/www.survoltes.com\/wp-content\/uploads\/2024\/11\/Sensibilisation2.jpg 371w, https:\/\/www.survoltes.com\/wp-content\/uploads\/2024\/11\/Sensibilisation2-300x173.jpg 300w\" sizes=\"(max-width: 371px) 100vw, 371px\" \/>\t\t\t\t\t\t\t\t\t\t\t\t\t\t\t<\/div>\n\t\t\t\t<\/div>\n\t\t\t\t\t<\/div>\n\t\t\t\t<\/div>\n\t\t<div class=\"elementor-element elementor-element-3f8b94b e-flex e-con-boxed e-con e-parent\" data-id=\"3f8b94b\" data-element_type=\"container\">\n\t\t\t\t\t<div class=\"e-con-inner\">\n\t\t\t\t<div class=\"elementor-element elementor-element-2abbd30 elementor-widget__width-initial elementor-widget elementor-widget-text-editor\" data-id=\"2abbd30\" data-element_type=\"widget\" data-widget_type=\"text-editor.default\">\n\t\t\t\t<div class=\"elementor-widget-container\">\n\t\t\t\t\t\t\t\t\t<ul><li>Des atelier de\u00a0<strong>fabrication de s\u00e9cheur et cuiseur solaires (DIY). <\/strong>En partenariat avec <a href=\"https:\/\/inti-energies-solidaires.org\" target=\"_blank\" rel=\"noopener\">Inti<\/a>, une association de solidarit\u00e9 internationale qui d\u00e9veloppe des \u00e9nergies renouvelables en diffusant la cuisson \u00e9cologique.\u00a0<\/li><li><strong>Trak O\u2019Watts<\/strong>, une op\u00e9ration pilot\u00e9e par l\u2019\u00c9tat, la R\u00e9gion et l\u2019Agence de la transition \u00e9cologique (<a href=\"https:\/\/www.ademe.fr\" target=\"_blank\" rel=\"noopener\">Ademe<\/a>). Pour comprendre sa consommation \u00e9lectrique<\/li><li><strong>La Fabrik&rsquo; \u00e0 v\u00e9lo<\/strong>, des v\u00e9los producteurs d&rsquo;\u00e9nergie pour alimenter la sc\u00e8ne du festival <a href=\"https:\/\/www.facebook.com\/ecolocalrock\/\" target=\"_blank\" rel=\"noopener\">EcolocalRock<\/a><\/li><\/ul>\t\t\t\t\t\t\t\t<\/div>\n\t\t\t\t<\/div>\n\t\t\t\t\t<\/div>\n\t\t\t\t<\/div>\n\t\t<div class=\"elementor-element elementor-element-2acd6352 e-flex e-con-boxed e-con e-parent\" data-id=\"2acd6352\" data-element_type=\"container\">\n\t\t\t\t\t<div class=\"e-con-inner\">\n\t\t\t\t<div class=\"elementor-element elementor-element-1f355e51 elementor-widget elementor-widget-spacer\" data-id=\"1f355e51\" data-element_type=\"widget\" data-widget_type=\"spacer.default\">\n\t\t\t\t<div class=\"elementor-widget-container\">\n\t\t\t\t\t\t\t<div class=\"elementor-spacer\">\n\t\t\t<div class=\"elementor-spacer-inner\"><\/div>\n\t\t<\/div>\n\t\t\t\t\t\t<\/div>\n\t\t\t\t<\/div>\n\t\t\t\t\t<\/div>\n\t\t\t\t<\/div>\n\t\t<div class=\"elementor-element elementor-element-5ba71ef e-flex e-con-boxed e-con e-parent\" data-id=\"5ba71ef\" data-element_type=\"container\">\n\t\t\t\t\t<div class=\"e-con-inner\">\n\t\t\t\t\t<\/div>\n\t\t\t\t<\/div>\n\t\t<div class=\"elementor-element elementor-element-b1a49df e-flex e-con-boxed e-con e-parent\" data-id=\"b1a49df\" data-element_type=\"container\">\n\t\t\t\t\t<div class=\"e-con-inner\">\n\t\t\t\t\t<\/div>\n\t\t\t\t<\/div>\n\t\t\t\t<\/div>\n\t\t","protected":false},"excerpt":{"rendered":"<p>Communication R\u00e9unions publiques Mobiliser les citoyens sur les projets en d\u00e9veloppement. Sensibiliser \u00e0 nos consommations \u00e9nerg\u00e9tiques La coop\u00e9rative organise et\/ou participe \u00e0 des r\u00e9unions publiques en partenariat avec les communaut\u00e9s de communes (Bretagne Romantique et Val d&rsquo;Ille Aubign\u00e9), les communes et tous les acteurs du r\u00e9seau EnR citoyennes du territoire (Taranis, ALEC, &#8230;) Cin\u00e9-d\u00e9bats Projection [&hellip;]<\/p>\n","protected":false},"author":1,"featured_media":0,"parent":0,"menu_order":0,"comment_status":"closed","ping_status":"closed","template":"","meta":{"ocean_post_layout":"","ocean_both_sidebars_style":"","ocean_both_sidebars_content_width":0,"ocean_both_sidebars_sidebars_width":0,"ocean_sidebar":"","ocean_second_sidebar":"","ocean_disable_margins":"enable","ocean_add_body_class":"","ocean_shortcode_before_top_bar":"","ocean_shortcode_after_top_bar":"","ocean_shortcode_before_header":"","ocean_shortcode_after_header":"","ocean_has_shortcode":"","ocean_shortcode_after_title":"","ocean_shortcode_before_footer_widgets":"","ocean_shortcode_after_footer_widgets":"","ocean_shortcode_before_footer_bottom":"","ocean_shortcode_after_footer_bottom":"","ocean_display_top_bar":"default","ocean_display_header":"default","ocean_header_style":"","ocean_center_header_left_menu":"","ocean_custom_header_template":"","ocean_custom_logo":0,"ocean_custom_retina_logo":0,"ocean_custom_logo_max_width":0,"ocean_custom_logo_tablet_max_width":0,"ocean_custom_logo_mobile_max_width":0,"ocean_custom_logo_max_height":0,"ocean_custom_logo_tablet_max_height":0,"ocean_custom_logo_mobile_max_height":0,"ocean_header_custom_menu":"","ocean_menu_typo_font_family":"","ocean_menu_typo_font_subset":"","ocean_menu_typo_font_size":0,"ocean_menu_typo_font_size_tablet":0,"ocean_menu_typo_font_size_mobile":0,"ocean_menu_typo_font_size_unit":"px","ocean_menu_typo_font_weight":"","ocean_menu_typo_font_weight_tablet":"","ocean_menu_typo_font_weight_mobile":"","ocean_menu_typo_transform":"","ocean_menu_typo_transform_tablet":"","ocean_menu_typo_transform_mobile":"","ocean_menu_typo_line_height":0,"ocean_menu_typo_line_height_tablet":0,"ocean_menu_typo_line_height_mobile":0,"ocean_menu_typo_line_height_unit":"","ocean_menu_typo_spacing":0,"ocean_menu_typo_spacing_tablet":0,"ocean_menu_typo_spacing_mobile":0,"ocean_menu_typo_spacing_unit":"","ocean_menu_link_color":"","ocean_menu_link_color_hover":"","ocean_menu_link_color_active":"","ocean_menu_link_background":"","ocean_menu_link_hover_background":"","ocean_menu_link_active_background":"","ocean_menu_social_links_bg":"","ocean_menu_social_hover_links_bg":"","ocean_menu_social_links_color":"","ocean_menu_social_hover_links_color":"","ocean_disable_title":"default","ocean_disable_heading":"default","ocean_post_title":"","ocean_post_subheading":"","ocean_post_title_style":"","ocean_post_title_background_color":"","ocean_post_title_background":0,"ocean_post_title_bg_image_position":"","ocean_post_title_bg_image_attachment":"","ocean_post_title_bg_image_repeat":"","ocean_post_title_bg_image_size":"","ocean_post_title_height":0,"ocean_post_title_bg_overlay":0.5,"ocean_post_title_bg_overlay_color":"","ocean_disable_breadcrumbs":"default","ocean_breadcrumbs_color":"","ocean_breadcrumbs_separator_color":"","ocean_breadcrumbs_links_color":"","ocean_breadcrumbs_links_hover_color":"","ocean_display_footer_widgets":"default","ocean_display_footer_bottom":"default","ocean_custom_footer_template":"","footnotes":""},"class_list":["post-764","page","type-page","status-publish","hentry","entry"],"_links":{"self":[{"href":"https:\/\/www.survoltes.com\/index.php?rest_route=\/wp\/v2\/pages\/764","targetHints":{"allow":["GET"]}}],"collection":[{"href":"https:\/\/www.survoltes.com\/index.php?rest_route=\/wp\/v2\/pages"}],"about":[{"href":"https:\/\/www.survoltes.com\/index.php?rest_route=\/wp\/v2\/types\/page"}],"author":[{"embeddable":true,"href":"https:\/\/www.survoltes.com\/index.php?rest_route=\/wp\/v2\/users\/1"}],"replies":[{"embeddable":true,"href":"https:\/\/www.survoltes.com\/index.php?rest_route=%2Fwp%2Fv2%2Fcomments&post=764"}],"version-history":[{"count":45,"href":"https:\/\/www.survoltes.com\/index.php?rest_route=\/wp\/v2\/pages\/764\/revisions"}],"predecessor-version":[{"id":1093,"href":"https:\/\/www.survoltes.com\/index.php?rest_route=\/wp\/v2\/pages\/764\/revisions\/1093"}],"wp:attachment":[{"href":"https:\/\/www.survoltes.com\/index.php?rest_route=%2Fwp%2Fv2%2Fmedia&parent=764"}],"curies":[{"name":"wp","href":"https:\/\/api.w.org\/{rel}","templated":true}]}}